{"id":3373,"date":"2021-08-06T08:46:41","date_gmt":"2021-08-06T08:46:41","guid":{"rendered":"https:\/\/sartori-ambiente.com\/azienda\/"},"modified":"2025-01-02T16:01:14","modified_gmt":"2025-01-02T15:01:14","slug":"empresa","status":"publish","type":"page","link":"https:\/\/sartori-ambiente.com\/es\/empresa\/","title":{"rendered":"Sartori Ambiente"},"content":{"rendered":"<p>Nacimos en <strong>1996<\/strong> para dedicarnos al medio ambiente. La constante actividad de investigaci\u00f3n nos ha permitido actuar con anticipaci\u00f3n a las decisiones normativas y a los desaf\u00edos del sector. Con este enfoque innovador, centrado en la gesti\u00f3n sist\u00e9mica de los residuos, hemos podido responder a las necesidades y urgencias de distintos sectores y pa\u00edses, tanto a nivel nacional como internacional.<\/p>\n<p><strong>Altares<\/strong> naci\u00f3 en <strong>2009<\/strong> de la uni\u00f3n de dos entidades: una especializada en soluciones para la recogida de residuos y la otra en la realizaci\u00f3n de proyectos inform\u00e1ticos. El 31 de diciembre de <strong>2021<\/strong>, Altares se fusion\u00f3 por incorporaci\u00f3n con <strong>Sartori Ambiente<\/strong>. Esta fusi\u00f3n forma parte de un proyecto industrial m\u00e1s amplio que permitir\u00e1 ofrecer un mejor servicio integrado.<\/p>\n<p>Nuestro sector requiere una atenci\u00f3n especial a los detalles operativos y al an\u00e1lisis de los datos recopilados durante las actividades en el terreno.<\/p>\n<p>Trabajamos con dos objetivos principales: apoyar a nuestros clientes proponiendo las soluciones tecnol\u00f3gicas adecuadas para su situaci\u00f3n espec\u00edfica y difundir soluciones para la recogida selectiva y la realizaci\u00f3n de proyectos inform\u00e1ticos de apoyo que mejoren la calidad del medio ambiente.<\/p>\n<p>Proporcionamos soluciones de hardware y software que simplifican y automatizan el flujo y el an\u00e1lisis de los datos sobre la recogida de residuos, ofreciendo importantes ventajas tanto desde el punto de vista operativo como econ\u00f3mico.<\/p>\n<p>Desde <strong>2024<\/strong> formamos parte de <strong>DNA Ambiente<\/strong>, un ecosistema rico en competencias, experiencias y soluciones, compuesto por Sartori Ambiente, Arcoda, Junker App, Ambiente.it y HPA.<\/p>\n<p>El \u00e9xito de las acciones de recogida selectiva requiere una atenci\u00f3n especial: por eso se necesitan soluciones y productos dise\u00f1ados para cada caso espec\u00edfico.<\/p>\n","protected":false},"excerpt":{"rendered":"<p>Nacimos en 1996 para dedicarnos al medio ambiente. La constante actividad de investigaci\u00f3n nos ha permitido actuar con anticipaci\u00f3n a las decisiones normativas y a los desaf\u00edos del sector. Con este enfoque innovador, centrado en la gesti\u00f3n sist\u00e9mica de los residuos, hemos podido responder a las necesidades y urgencias de distintos sectores y pa\u00edses, tanto [&hellip;]<\/p>\n","protected":false},"author":1,"featured_media":3375,"parent":0,"menu_order":13,"comment_status":"closed","ping_status":"closed","template":"template-azienda.php","meta":{"_acf_changed":false,"footnotes":""},"class_list":["post-3373","page","type-page","status-publish","has-post-thumbnail","hentry"],"acf":[],"yoast_head":"<!-- This site is optimized with the Yoast SEO plugin v27.3 - https:\/\/yoast.com\/product\/yoast-seo-wordpress\/ -->\n<title>Sartori Ambiente | Sartori Ambiente<\/title>\n<meta name=\"robots\" content=\"index, follow, max-snippet:-1, max-image-preview:large, max-video-preview:-1\" \/>\n<link rel=\"canonical\" href=\"https:\/\/sartori-ambiente.com\/es\/empresa\/\" \/>\n<meta property=\"og:locale\" content=\"es_ES\" \/>\n<meta property=\"og:type\" content=\"article\" \/>\n<meta property=\"og:title\" content=\"Sartori Ambiente | Sartori Ambiente\" \/>\n<meta property=\"og:description\" content=\"Nacimos en 1996 para dedicarnos al medio ambiente. La constante actividad de investigaci\u00f3n nos ha permitido actuar con anticipaci\u00f3n a las decisiones normativas y a los desaf\u00edos del sector. Con este enfoque innovador, centrado en la gesti\u00f3n sist\u00e9mica de los residuos, hemos podido responder a las necesidades y urgencias de distintos sectores y pa\u00edses, tanto [&hellip;]\" \/>\n<meta property=\"og:url\" content=\"https:\/\/sartori-ambiente.com\/es\/empresa\/\" \/>\n<meta property=\"og:site_name\" content=\"Sartori Ambiente\" \/>\n<meta property=\"article:modified_time\" content=\"2025-01-02T15:01:14+00:00\" \/>\n<meta property=\"og:image\" content=\"https:\/\/sartori-ambiente.com\/wp-content\/uploads\/2021\/09\/Azienda_pp.jpg\" \/>\n\t<meta property=\"og:image:width\" content=\"800\" \/>\n\t<meta property=\"og:image:height\" content=\"800\" \/>\n\t<meta property=\"og:image:type\" content=\"image\/jpeg\" \/>\n<meta name=\"twitter:card\" content=\"summary_large_image\" \/>\n<meta name=\"twitter:label1\" content=\"Tiempo de lectura\" \/>\n\t<meta name=\"twitter:data1\" content=\"2 minutos\" \/>\n<script type=\"application\/ld+json\" class=\"yoast-schema-graph\">{\"@context\":\"https:\\\/\\\/schema.org\",\"@graph\":[{\"@type\":\"WebPage\",\"@id\":\"https:\\\/\\\/sartori-ambiente.com\\\/es\\\/empresa\\\/\",\"url\":\"https:\\\/\\\/sartori-ambiente.com\\\/es\\\/empresa\\\/\",\"name\":\"Sartori Ambiente | Sartori Ambiente\",\"isPartOf\":{\"@id\":\"https:\\\/\\\/sartori-ambiente.com\\\/es\\\/#website\"},\"primaryImageOfPage\":{\"@id\":\"https:\\\/\\\/sartori-ambiente.com\\\/es\\\/empresa\\\/#primaryimage\"},\"image\":{\"@id\":\"https:\\\/\\\/sartori-ambiente.com\\\/es\\\/empresa\\\/#primaryimage\"},\"thumbnailUrl\":\"https:\\\/\\\/sartori-ambiente.com\\\/wp-content\\\/uploads\\\/2021\\\/09\\\/Azienda_pp.jpg\",\"datePublished\":\"2021-08-06T08:46:41+00:00\",\"dateModified\":\"2025-01-02T15:01:14+00:00\",\"inLanguage\":\"es\",\"potentialAction\":[{\"@type\":\"ReadAction\",\"target\":[\"https:\\\/\\\/sartori-ambiente.com\\\/es\\\/empresa\\\/\"]}]},{\"@type\":\"ImageObject\",\"inLanguage\":\"es\",\"@id\":\"https:\\\/\\\/sartori-ambiente.com\\\/es\\\/empresa\\\/#primaryimage\",\"url\":\"https:\\\/\\\/sartori-ambiente.com\\\/wp-content\\\/uploads\\\/2021\\\/09\\\/Azienda_pp.jpg\",\"contentUrl\":\"https:\\\/\\\/sartori-ambiente.com\\\/wp-content\\\/uploads\\\/2021\\\/09\\\/Azienda_pp.jpg\",\"width\":800,\"height\":800},{\"@type\":\"WebSite\",\"@id\":\"https:\\\/\\\/sartori-ambiente.com\\\/es\\\/#website\",\"url\":\"https:\\\/\\\/sartori-ambiente.com\\\/es\\\/\",\"name\":\"Sartori Ambiente\",\"description\":\"\",\"publisher\":{\"@id\":\"https:\\\/\\\/sartori-ambiente.com\\\/es\\\/#organization\"},\"potentialAction\":[{\"@type\":\"SearchAction\",\"target\":{\"@type\":\"EntryPoint\",\"urlTemplate\":\"https:\\\/\\\/sartori-ambiente.com\\\/es\\\/?s={search_term_string}\"},\"query-input\":{\"@type\":\"PropertyValueSpecification\",\"valueRequired\":true,\"valueName\":\"search_term_string\"}}],\"inLanguage\":\"es\"},{\"@type\":\"Organization\",\"@id\":\"https:\\\/\\\/sartori-ambiente.com\\\/es\\\/#organization\",\"name\":\"Sartori Ambiente\",\"url\":\"https:\\\/\\\/sartori-ambiente.com\\\/es\\\/\",\"logo\":{\"@type\":\"ImageObject\",\"inLanguage\":\"es\",\"@id\":\"https:\\\/\\\/sartori-ambiente.com\\\/es\\\/#\\\/schema\\\/logo\\\/image\\\/\",\"url\":\"https:\\\/\\\/sartori-ambiente.com\\\/wp-content\\\/uploads\\\/2021\\\/09\\\/Sartori_Ambiente_logo.svg\",\"contentUrl\":\"https:\\\/\\\/sartori-ambiente.com\\\/wp-content\\\/uploads\\\/2021\\\/09\\\/Sartori_Ambiente_logo.svg\",\"width\":1,\"height\":1,\"caption\":\"Sartori Ambiente\"},\"image\":{\"@id\":\"https:\\\/\\\/sartori-ambiente.com\\\/es\\\/#\\\/schema\\\/logo\\\/image\\\/\"}}]}<\/script>\n<!-- \/ Yoast SEO plugin. -->","yoast_head_json":{"title":"Sartori Ambiente | Sartori Ambiente","robots":{"index":"index","follow":"follow","max-snippet":"max-snippet:-1","max-image-preview":"max-image-preview:large","max-video-preview":"max-video-preview:-1"},"canonical":"https:\/\/sartori-ambiente.com\/es\/empresa\/","og_locale":"es_ES","og_type":"article","og_title":"Sartori Ambiente | Sartori Ambiente","og_description":"Nacimos en 1996 para dedicarnos al medio ambiente. La constante actividad de investigaci\u00f3n nos ha permitido actuar con anticipaci\u00f3n a las decisiones normativas y a los desaf\u00edos del sector. Con este enfoque innovador, centrado en la gesti\u00f3n sist\u00e9mica de los residuos, hemos podido responder a las necesidades y urgencias de distintos sectores y pa\u00edses, tanto [&hellip;]","og_url":"https:\/\/sartori-ambiente.com\/es\/empresa\/","og_site_name":"Sartori Ambiente","article_modified_time":"2025-01-02T15:01:14+00:00","og_image":[{"width":800,"height":800,"url":"https:\/\/sartori-ambiente.com\/wp-content\/uploads\/2021\/09\/Azienda_pp.jpg","type":"image\/jpeg"}],"twitter_card":"summary_large_image","twitter_misc":{"Tiempo de lectura":"2 minutos"},"schema":{"@context":"https:\/\/schema.org","@graph":[{"@type":"WebPage","@id":"https:\/\/sartori-ambiente.com\/es\/empresa\/","url":"https:\/\/sartori-ambiente.com\/es\/empresa\/","name":"Sartori Ambiente | Sartori Ambiente","isPartOf":{"@id":"https:\/\/sartori-ambiente.com\/es\/#website"},"primaryImageOfPage":{"@id":"https:\/\/sartori-ambiente.com\/es\/empresa\/#primaryimage"},"image":{"@id":"https:\/\/sartori-ambiente.com\/es\/empresa\/#primaryimage"},"thumbnailUrl":"https:\/\/sartori-ambiente.com\/wp-content\/uploads\/2021\/09\/Azienda_pp.jpg","datePublished":"2021-08-06T08:46:41+00:00","dateModified":"2025-01-02T15:01:14+00:00","inLanguage":"es","potentialAction":[{"@type":"ReadAction","target":["https:\/\/sartori-ambiente.com\/es\/empresa\/"]}]},{"@type":"ImageObject","inLanguage":"es","@id":"https:\/\/sartori-ambiente.com\/es\/empresa\/#primaryimage","url":"https:\/\/sartori-ambiente.com\/wp-content\/uploads\/2021\/09\/Azienda_pp.jpg","contentUrl":"https:\/\/sartori-ambiente.com\/wp-content\/uploads\/2021\/09\/Azienda_pp.jpg","width":800,"height":800},{"@type":"WebSite","@id":"https:\/\/sartori-ambiente.com\/es\/#website","url":"https:\/\/sartori-ambiente.com\/es\/","name":"Sartori Ambiente","description":"","publisher":{"@id":"https:\/\/sartori-ambiente.com\/es\/#organization"},"potentialAction":[{"@type":"SearchAction","target":{"@type":"EntryPoint","urlTemplate":"https:\/\/sartori-ambiente.com\/es\/?s={search_term_string}"},"query-input":{"@type":"PropertyValueSpecification","valueRequired":true,"valueName":"search_term_string"}}],"inLanguage":"es"},{"@type":"Organization","@id":"https:\/\/sartori-ambiente.com\/es\/#organization","name":"Sartori Ambiente","url":"https:\/\/sartori-ambiente.com\/es\/","logo":{"@type":"ImageObject","inLanguage":"es","@id":"https:\/\/sartori-ambiente.com\/es\/#\/schema\/logo\/image\/","url":"https:\/\/sartori-ambiente.com\/wp-content\/uploads\/2021\/09\/Sartori_Ambiente_logo.svg","contentUrl":"https:\/\/sartori-ambiente.com\/wp-content\/uploads\/2021\/09\/Sartori_Ambiente_logo.svg","width":1,"height":1,"caption":"Sartori Ambiente"},"image":{"@id":"https:\/\/sartori-ambiente.com\/es\/#\/schema\/logo\/image\/"}}]}},"_links":{"self":[{"href":"https:\/\/sartori-ambiente.com\/es\/wp-json\/wp\/v2\/pages\/3373","targetHints":{"allow":["GET"]}}],"collection":[{"href":"https:\/\/sartori-ambiente.com\/es\/wp-json\/wp\/v2\/pages"}],"about":[{"href":"https:\/\/sartori-ambiente.com\/es\/wp-json\/wp\/v2\/types\/page"}],"author":[{"embeddable":true,"href":"https:\/\/sartori-ambiente.com\/es\/wp-json\/wp\/v2\/users\/1"}],"replies":[{"embeddable":true,"href":"https:\/\/sartori-ambiente.com\/es\/wp-json\/wp\/v2\/comments?post=3373"}],"version-history":[{"count":0,"href":"https:\/\/sartori-ambiente.com\/es\/wp-json\/wp\/v2\/pages\/3373\/revisions"}],"wp:featuredmedia":[{"embeddable":true,"href":"https:\/\/sartori-ambiente.com\/es\/wp-json\/wp\/v2\/media\/3375"}],"wp:attachment":[{"href":"https:\/\/sartori-ambiente.com\/es\/wp-json\/wp\/v2\/media?parent=3373"}],"curies":[{"name":"wp","href":"https:\/\/api.w.org\/{rel}","templated":true}]}}