{"id":4724,"date":"2022-05-18T16:11:45","date_gmt":"2022-05-18T14:11:45","guid":{"rendered":"https:\/\/sartori-ambiente.hgblu.dev\/iscriviti-alla-newsletter\/"},"modified":"2022-05-19T09:56:54","modified_gmt":"2022-05-19T07:56:54","slug":"unase-a-nuestro-boletin-de-noticias","status":"publish","type":"page","link":"https:\/\/sartori-ambiente.com\/es\/unase-a-nuestro-boletin-de-noticias\/","title":{"rendered":"\u00danase a nuestro bolet\u00edn de noticias"},"content":{"rendered":"<p style=\"text-align: center;\"><strong>\u00a0Medio ambiente, innovaci\u00f3n, calidad, opciones&#8230;<\/strong><\/p>\n<p style=\"text-align: center;\">Son valores que recogemos en nuestro bolet\u00edn, que llega cada \u00faltimo viernes de mes. \u00bfTambi\u00e9n son tuyas?<\/p>\n<p style=\"text-align: center;\"><div class=\"wpforms-container wpforms-container-full from-iscrizione-newsletter\" id=\"wpforms-4725\"><form id=\"wpforms-form-4725\" class=\"wpforms-validate wpforms-form wpforms-ajax-form\" data-formid=\"4725\" method=\"post\" enctype=\"multipart\/form-data\" action=\"\/es\/wp-json\/wp\/v2\/pages\/4724\" data-token=\"b8ee309e2cff526fc6024ffaf7df5be0\" data-token-time=\"1777574913\"><noscript class=\"wpforms-error-noscript\">Por favor, activa JavaScript en tu navegador para completar este formulario.<\/noscript><div class=\"wpforms-field-container\"><div id=\"wpforms-4725-field_1-container\" class=\"wpforms-field wpforms-field-email\" data-field-id=\"1\"><label class=\"wpforms-field-label\" for=\"wpforms-4725-field_1\">Email <span class=\"wpforms-required-label\">*<\/span><\/label><input type=\"email\" id=\"wpforms-4725-field_1\" class=\"wpforms-field-medium wpforms-field-required\" name=\"wpforms[fields][1]\" spellcheck=\"false\" required><\/div><div id=\"wpforms-4725-field_2-container\" class=\"wpforms-field wpforms-field-gdpr-checkbox\" data-field-id=\"2\"><label class=\"wpforms-field-label wpforms-label-hide\">Accettazione GDPR <span class=\"wpforms-required-label\">*<\/span><\/label><ul id=\"wpforms-4725-field_2\" class=\"wpforms-field-required\"><li class=\"choice-1\"><input type=\"checkbox\" id=\"wpforms-4725-field_2_1\" name=\"wpforms[fields][2][]\" value=\"He le\u00eddo la &lt;a href=&quot;https:\/\/www.iubenda.com\/privacy-policy\/61990900&quot; class=&quot;iubenda-nostyle no-brand iubenda-noiframe iubenda-embed iub-legal-only iubenda-noiframe&quot;&gt;Privacy Policy&lt;\/a&gt; y acepto el tratamiento de mis datos personales\" required ><label class=\"wpforms-field-label-inline\" for=\"wpforms-4725-field_2_1\">He le\u00eddo la <a href=\"https:\/\/www.iubenda.com\/privacy-policy\/61990900\" class=\"iubenda-nostyle no-brand iubenda-noiframe iubenda-embed iub-legal-only iubenda-noiframe\">Privacy Policy<\/a> y acepto el tratamiento de mis datos personales <span class=\"wpforms-required-label\">*<\/span><\/label><\/li><\/ul><\/div><\/div><!-- .wpforms-field-container --><div class=\"wpforms-recaptcha-container wpforms-is-turnstile\" ><div class=\"wpforms-turnstile\" data-sitekey=\"0x4AAAAAAARTgSkoEmgbZmbG\" data-action=\"FormID-4725\"><\/div><input type=\"text\" name=\"g-recaptcha-hidden\" class=\"wpforms-recaptcha-hidden\" style=\"position:absolute!important;clip:rect(0,0,0,0)!important;height:1px!important;width:1px!important;border:0!important;overflow:hidden!important;padding:0!important;margin:0!important;\" data-rule-turnstile=\"1\"><\/div><div class=\"wpforms-submit-container\" ><input type=\"hidden\" name=\"wpforms[id]\" value=\"4725\"><input type=\"hidden\" name=\"page_title\" value=\"\"><input type=\"hidden\" name=\"page_url\" value=\"https:\/\/sartori-ambiente.com\/es\/wp-json\/wp\/v2\/pages\/4724\"><input type=\"hidden\" name=\"url_referer\" value=\"\"><button type=\"submit\" name=\"wpforms[submit]\" id=\"wpforms-submit-4725\" class=\"wpforms-submit\" data-alt-text=\"Inscripci\u00f3n en curso...\" data-submit-text=\"Inscr\u00edbete\" aria-live=\"assertive\" value=\"wpforms-submit\">Inscr\u00edbete<\/button><img loading=\"lazy\" decoding=\"async\" src=\"https:\/\/sartori-ambiente.com\/wp-content\/plugins\/wpforms\/assets\/images\/submit-spin.svg\" class=\"wpforms-submit-spinner\" style=\"display: none;\" width=\"26\" height=\"26\" alt=\"Cargando\"><\/div><\/form><\/div>  <!-- .wpforms-container --><\/p>\n","protected":false},"excerpt":{"rendered":"<p>\u00a0Medio ambiente, innovaci\u00f3n, calidad, opciones&#8230; Son valores que recogemos en nuestro bolet\u00edn, que llega cada \u00faltimo viernes de mes. \u00bfTambi\u00e9n son tuyas?<\/p>\n","protected":false},"author":1,"featured_media":0,"parent":0,"menu_order":5,"comment_status":"closed","ping_status":"closed","template":"","meta":{"_acf_changed":false,"footnotes":""},"class_list":["post-4724","page","type-page","status-publish","hentry"],"acf":[],"yoast_head":"<!-- This site is optimized with the Yoast SEO plugin v27.5 - https:\/\/yoast.com\/product\/yoast-seo-wordpress\/ -->\n<title>\u00danase a nuestro bolet\u00edn de noticias | Sartori Ambiente<\/title>\n<meta name=\"robots\" content=\"index, follow, max-snippet:-1, max-image-preview:large, max-video-preview:-1\" \/>\n<link rel=\"canonical\" href=\"https:\/\/sartori-ambiente.com\/es\/unase-a-nuestro-boletin-de-noticias\/\" \/>\n<meta property=\"og:locale\" content=\"es_ES\" \/>\n<meta property=\"og:type\" content=\"article\" \/>\n<meta property=\"og:title\" content=\"\u00danase a nuestro bolet\u00edn de noticias | Sartori Ambiente\" \/>\n<meta property=\"og:description\" content=\"\u00a0Medio ambiente, innovaci\u00f3n, calidad, opciones&#8230; Son valores que recogemos en nuestro bolet\u00edn, que llega cada \u00faltimo viernes de mes. \u00bfTambi\u00e9n son tuyas?\" \/>\n<meta property=\"og:url\" content=\"https:\/\/sartori-ambiente.com\/es\/unase-a-nuestro-boletin-de-noticias\/\" \/>\n<meta property=\"og:site_name\" content=\"Sartori Ambiente\" \/>\n<meta property=\"article:modified_time\" content=\"2022-05-19T07:56:54+00:00\" \/>\n<meta name=\"twitter:card\" content=\"summary_large_image\" \/>\n<script type=\"application\/ld+json\" class=\"yoast-schema-graph\">{\"@context\":\"https:\\\/\\\/schema.org\",\"@graph\":[{\"@type\":\"WebPage\",\"@id\":\"https:\\\/\\\/sartori-ambiente.com\\\/es\\\/unase-a-nuestro-boletin-de-noticias\\\/\",\"url\":\"https:\\\/\\\/sartori-ambiente.com\\\/es\\\/unase-a-nuestro-boletin-de-noticias\\\/\",\"name\":\"\u00danase a nuestro bolet\u00edn de noticias | Sartori Ambiente\",\"isPartOf\":{\"@id\":\"https:\\\/\\\/sartori-ambiente.com\\\/es\\\/#website\"},\"datePublished\":\"2022-05-18T14:11:45+00:00\",\"dateModified\":\"2022-05-19T07:56:54+00:00\",\"inLanguage\":\"es\",\"potentialAction\":[{\"@type\":\"ReadAction\",\"target\":[\"https:\\\/\\\/sartori-ambiente.com\\\/es\\\/unase-a-nuestro-boletin-de-noticias\\\/\"]}]},{\"@type\":\"WebSite\",\"@id\":\"https:\\\/\\\/sartori-ambiente.com\\\/es\\\/#website\",\"url\":\"https:\\\/\\\/sartori-ambiente.com\\\/es\\\/\",\"name\":\"Sartori Ambiente\",\"description\":\"\",\"publisher\":{\"@id\":\"https:\\\/\\\/sartori-ambiente.com\\\/es\\\/#organization\"},\"potentialAction\":[{\"@type\":\"SearchAction\",\"target\":{\"@type\":\"EntryPoint\",\"urlTemplate\":\"https:\\\/\\\/sartori-ambiente.com\\\/es\\\/?s={search_term_string}\"},\"query-input\":{\"@type\":\"PropertyValueSpecification\",\"valueRequired\":true,\"valueName\":\"search_term_string\"}}],\"inLanguage\":\"es\"},{\"@type\":\"Organization\",\"@id\":\"https:\\\/\\\/sartori-ambiente.com\\\/es\\\/#organization\",\"name\":\"Sartori Ambiente\",\"url\":\"https:\\\/\\\/sartori-ambiente.com\\\/es\\\/\",\"logo\":{\"@type\":\"ImageObject\",\"inLanguage\":\"es\",\"@id\":\"https:\\\/\\\/sartori-ambiente.com\\\/es\\\/#\\\/schema\\\/logo\\\/image\\\/\",\"url\":\"https:\\\/\\\/sartori-ambiente.com\\\/wp-content\\\/uploads\\\/2021\\\/09\\\/Sartori_Ambiente_logo.svg\",\"contentUrl\":\"https:\\\/\\\/sartori-ambiente.com\\\/wp-content\\\/uploads\\\/2021\\\/09\\\/Sartori_Ambiente_logo.svg\",\"width\":1,\"height\":1,\"caption\":\"Sartori Ambiente\"},\"image\":{\"@id\":\"https:\\\/\\\/sartori-ambiente.com\\\/es\\\/#\\\/schema\\\/logo\\\/image\\\/\"}}]}<\/script>\n<!-- \/ Yoast SEO plugin. -->","yoast_head_json":{"title":"\u00danase a nuestro bolet\u00edn de noticias | Sartori Ambiente","robots":{"index":"index","follow":"follow","max-snippet":"max-snippet:-1","max-image-preview":"max-image-preview:large","max-video-preview":"max-video-preview:-1"},"canonical":"https:\/\/sartori-ambiente.com\/es\/unase-a-nuestro-boletin-de-noticias\/","og_locale":"es_ES","og_type":"article","og_title":"\u00danase a nuestro bolet\u00edn de noticias | Sartori Ambiente","og_description":"\u00a0Medio ambiente, innovaci\u00f3n, calidad, opciones&#8230; Son valores que recogemos en nuestro bolet\u00edn, que llega cada \u00faltimo viernes de mes. \u00bfTambi\u00e9n son tuyas?","og_url":"https:\/\/sartori-ambiente.com\/es\/unase-a-nuestro-boletin-de-noticias\/","og_site_name":"Sartori Ambiente","article_modified_time":"2022-05-19T07:56:54+00:00","twitter_card":"summary_large_image","schema":{"@context":"https:\/\/schema.org","@graph":[{"@type":"WebPage","@id":"https:\/\/sartori-ambiente.com\/es\/unase-a-nuestro-boletin-de-noticias\/","url":"https:\/\/sartori-ambiente.com\/es\/unase-a-nuestro-boletin-de-noticias\/","name":"\u00danase a nuestro bolet\u00edn de noticias | Sartori Ambiente","isPartOf":{"@id":"https:\/\/sartori-ambiente.com\/es\/#website"},"datePublished":"2022-05-18T14:11:45+00:00","dateModified":"2022-05-19T07:56:54+00:00","inLanguage":"es","potentialAction":[{"@type":"ReadAction","target":["https:\/\/sartori-ambiente.com\/es\/unase-a-nuestro-boletin-de-noticias\/"]}]},{"@type":"WebSite","@id":"https:\/\/sartori-ambiente.com\/es\/#website","url":"https:\/\/sartori-ambiente.com\/es\/","name":"Sartori Ambiente","description":"","publisher":{"@id":"https:\/\/sartori-ambiente.com\/es\/#organization"},"potentialAction":[{"@type":"SearchAction","target":{"@type":"EntryPoint","urlTemplate":"https:\/\/sartori-ambiente.com\/es\/?s={search_term_string}"},"query-input":{"@type":"PropertyValueSpecification","valueRequired":true,"valueName":"search_term_string"}}],"inLanguage":"es"},{"@type":"Organization","@id":"https:\/\/sartori-ambiente.com\/es\/#organization","name":"Sartori Ambiente","url":"https:\/\/sartori-ambiente.com\/es\/","logo":{"@type":"ImageObject","inLanguage":"es","@id":"https:\/\/sartori-ambiente.com\/es\/#\/schema\/logo\/image\/","url":"https:\/\/sartori-ambiente.com\/wp-content\/uploads\/2021\/09\/Sartori_Ambiente_logo.svg","contentUrl":"https:\/\/sartori-ambiente.com\/wp-content\/uploads\/2021\/09\/Sartori_Ambiente_logo.svg","width":1,"height":1,"caption":"Sartori Ambiente"},"image":{"@id":"https:\/\/sartori-ambiente.com\/es\/#\/schema\/logo\/image\/"}}]}},"_links":{"self":[{"href":"https:\/\/sartori-ambiente.com\/es\/wp-json\/wp\/v2\/pages\/4724","targetHints":{"allow":["GET"]}}],"collection":[{"href":"https:\/\/sartori-ambiente.com\/es\/wp-json\/wp\/v2\/pages"}],"about":[{"href":"https:\/\/sartori-ambiente.com\/es\/wp-json\/wp\/v2\/types\/page"}],"author":[{"embeddable":true,"href":"https:\/\/sartori-ambiente.com\/es\/wp-json\/wp\/v2\/users\/1"}],"replies":[{"embeddable":true,"href":"https:\/\/sartori-ambiente.com\/es\/wp-json\/wp\/v2\/comments?post=4724"}],"version-history":[{"count":0,"href":"https:\/\/sartori-ambiente.com\/es\/wp-json\/wp\/v2\/pages\/4724\/revisions"}],"wp:attachment":[{"href":"https:\/\/sartori-ambiente.com\/es\/wp-json\/wp\/v2\/media?parent=4724"}],"curies":[{"name":"wp","href":"https:\/\/api.w.org\/{rel}","templated":true}]}}