{"id":4793,"date":"2022-05-09T10:22:33","date_gmt":"2022-05-09T08:22:33","guid":{"rendered":"https:\/\/sartori-ambiente.hgblu.dev\/gruppo-pietro-fiorentini\/"},"modified":"2022-05-26T12:44:52","modified_gmt":"2022-05-26T10:44:52","slug":"gruppo-pietro-fiorentini","status":"publish","type":"page","link":"https:\/\/sartori-ambiente.com\/es\/gruppo-pietro-fiorentini\/","title":{"rendered":"Gruppo Pietro Fiorentini"},"content":{"rendered":"<p><span style=\"font-weight: 300;\">Pietro Fiorentini, una de las mayores empresas industriales del noreste de Italia, tiene su sede en Arcugnano (Vicenza) y cumple sus objetivos industriales a trav\u00e9s de una amplia gama de soluciones tecnol\u00f3gicamente avanzadas a lo largo de toda la <\/span><strong>cadena del gas natural<\/strong><span style=\"font-weight: 300;\">.\u00a0<\/span><\/p>\n<p><span style=\"font-weight: 300;\">La empresa cuenta tambi\u00e9n con numerosos proyectos relacionados con <\/span><strong>energ\u00edas renovables<\/strong><span style=\"font-weight: 300;\"> (biometano, hidr\u00f3geno, conversi\u00f3n de energ\u00eda el\u00e9ctrica en gas) y hace poco ha ampliado sus l\u00edneas de negocio adentr\u00e1ndose en el terreno del <\/span><strong>ciclo del agua<\/strong><span style=\"font-weight: 300;\"> y del <\/span><strong>sector medioambiental<\/strong><span style=\"font-weight: 300;\">.\u00a0<\/span><\/p>\n<p><span style=\"font-weight: 300;\">El Grupo cuenta con una treintena de establecimientos, entre plantas de producci\u00f3n y oficinas comerciales, en Italia y en el extranjero, y emplea a m\u00e1s de <\/span><strong>2.400 trabajadores en todo el mundo<\/strong><span style=\"font-weight: 300;\">, con un volumen de negocios consolidado de <\/span><strong>466 millones de euros<\/strong><span style=\"font-weight: 300;\"> en 2021.\u00a0<\/span><\/p>\n<p>&nbsp;<\/p>\n<p><span style=\"font-weight: 300;\">La cooperaci\u00f3n con Pietro Fiorentini complementa nuestras soluciones en estas dos \u00e1reas estrat\u00e9gicas:\u00a0<\/span><\/p>\n<p>&nbsp;<\/p>\n<p><span style=\"font-weight: 300;\">Digitalizaci\u00f3n de la gesti\u00f3n de residuos:\u00a0<\/span><\/p>\n<ul>\n<li style=\"font-weight: 400;\" aria-level=\"1\"><span style=\"font-weight: 300;\">Recogida de los datos y su gesti\u00f3n completa con la tarifa personalizada<\/span><\/li>\n<li style=\"font-weight: 400;\" aria-level=\"1\"><span style=\"font-weight: 300;\">Aplicaci\u00f3n completa para todos los ciudadanos<\/span><\/li>\n<li style=\"font-weight: 400;\" aria-level=\"1\"><span style=\"font-weight: 300;\">Gesti\u00f3n facilitada para las administraciones\u00a0<\/span><\/li>\n<\/ul>\n<p>&nbsp;<\/p>\n<p><span style=\"font-weight: 300;\">Biog\u00e1s a partir de residuos org\u00e1nicos:<\/span><\/p>\n<ul>\n<li style=\"font-weight: 400;\" aria-level=\"1\"><span style=\"font-weight: 300;\">La recogida de residuos org\u00e1nicos de calidad se convierte en una pr\u00e1ctica cada vez m\u00e1s habitual<\/span><\/li>\n<li style=\"font-weight: 400;\" aria-level=\"1\"><span style=\"font-weight: 300;\">Suministro a las plantas de biometano construidas por Pietro Fiorentini<\/span><\/li>\n<\/ul>\n<p>&nbsp;<\/p>\n<p><span style=\"font-weight: 300;\">Una importante contribuci\u00f3n, que nos refuerza como socio de los municipios italianos en el reto lanzado por el Plan Nacional italiano de Recuperaci\u00f3n y Resiliencia (PNRR) sobre la recogida selectiva de residuos, y nos apoya en el crecimiento cultural y el desarrollo de la econom\u00eda circular.<\/span><\/p>\n","protected":false},"excerpt":{"rendered":"<p>Pietro Fiorentini, una de las mayores empresas industriales del noreste de Italia, tiene su sede en Arcugnano (Vicenza) y cumple sus objetivos industriales a trav\u00e9s de una amplia gama de soluciones tecnol\u00f3gicamente avanzadas a lo largo de toda la cadena del gas natural.\u00a0 La empresa cuenta tambi\u00e9n con numerosos proyectos relacionados con energ\u00edas renovables (biometano, [&hellip;]<\/p>\n","protected":false},"author":1,"featured_media":4751,"parent":0,"menu_order":14,"comment_status":"closed","ping_status":"closed","template":"template-azienda.php","meta":{"_acf_changed":false,"footnotes":""},"class_list":["post-4793","page","type-page","status-publish","has-post-thumbnail","hentry"],"acf":[],"yoast_head":"<!-- This site is optimized with the Yoast SEO plugin v27.4 - https:\/\/yoast.com\/product\/yoast-seo-wordpress\/ -->\n<title>Gruppo Pietro Fiorentini | Sartori Ambiente<\/title>\n<meta name=\"robots\" content=\"index, follow, max-snippet:-1, max-image-preview:large, max-video-preview:-1\" \/>\n<link rel=\"canonical\" href=\"https:\/\/sartori-ambiente.com\/es\/gruppo-pietro-fiorentini\/\" \/>\n<meta property=\"og:locale\" content=\"es_ES\" \/>\n<meta property=\"og:type\" content=\"article\" \/>\n<meta property=\"og:title\" content=\"Gruppo Pietro Fiorentini | Sartori Ambiente\" \/>\n<meta property=\"og:description\" content=\"Pietro Fiorentini, una de las mayores empresas industriales del noreste de Italia, tiene su sede en Arcugnano (Vicenza) y cumple sus objetivos industriales a trav\u00e9s de una amplia gama de soluciones tecnol\u00f3gicamente avanzadas a lo largo de toda la cadena del gas natural.\u00a0 La empresa cuenta tambi\u00e9n con numerosos proyectos relacionados con energ\u00edas renovables (biometano, [&hellip;]\" \/>\n<meta property=\"og:url\" content=\"https:\/\/sartori-ambiente.com\/es\/gruppo-pietro-fiorentini\/\" \/>\n<meta property=\"og:site_name\" content=\"Sartori Ambiente\" \/>\n<meta property=\"article:modified_time\" content=\"2022-05-26T10:44:52+00:00\" \/>\n<meta property=\"og:image\" content=\"https:\/\/sartori-ambiente.com\/wp-content\/uploads\/2022\/05\/GruppoPF_pp.jpg\" \/>\n\t<meta property=\"og:image:width\" content=\"800\" \/>\n\t<meta property=\"og:image:height\" content=\"800\" \/>\n\t<meta property=\"og:image:type\" content=\"image\/jpeg\" \/>\n<meta name=\"twitter:card\" content=\"summary_large_image\" \/>\n<meta name=\"twitter:label1\" content=\"Tiempo de lectura\" \/>\n\t<meta name=\"twitter:data1\" content=\"2 minutos\" \/>\n<script type=\"application\/ld+json\" class=\"yoast-schema-graph\">{\"@context\":\"https:\\\/\\\/schema.org\",\"@graph\":[{\"@type\":\"WebPage\",\"@id\":\"https:\\\/\\\/sartori-ambiente.com\\\/es\\\/gruppo-pietro-fiorentini\\\/\",\"url\":\"https:\\\/\\\/sartori-ambiente.com\\\/es\\\/gruppo-pietro-fiorentini\\\/\",\"name\":\"Gruppo Pietro Fiorentini | Sartori Ambiente\",\"isPartOf\":{\"@id\":\"https:\\\/\\\/sartori-ambiente.com\\\/es\\\/#website\"},\"primaryImageOfPage\":{\"@id\":\"https:\\\/\\\/sartori-ambiente.com\\\/es\\\/gruppo-pietro-fiorentini\\\/#primaryimage\"},\"image\":{\"@id\":\"https:\\\/\\\/sartori-ambiente.com\\\/es\\\/gruppo-pietro-fiorentini\\\/#primaryimage\"},\"thumbnailUrl\":\"https:\\\/\\\/sartori-ambiente.com\\\/wp-content\\\/uploads\\\/2022\\\/05\\\/GruppoPF_pp.jpg\",\"datePublished\":\"2022-05-09T08:22:33+00:00\",\"dateModified\":\"2022-05-26T10:44:52+00:00\",\"inLanguage\":\"es\",\"potentialAction\":[{\"@type\":\"ReadAction\",\"target\":[\"https:\\\/\\\/sartori-ambiente.com\\\/es\\\/gruppo-pietro-fiorentini\\\/\"]}]},{\"@type\":\"ImageObject\",\"inLanguage\":\"es\",\"@id\":\"https:\\\/\\\/sartori-ambiente.com\\\/es\\\/gruppo-pietro-fiorentini\\\/#primaryimage\",\"url\":\"https:\\\/\\\/sartori-ambiente.com\\\/wp-content\\\/uploads\\\/2022\\\/05\\\/GruppoPF_pp.jpg\",\"contentUrl\":\"https:\\\/\\\/sartori-ambiente.com\\\/wp-content\\\/uploads\\\/2022\\\/05\\\/GruppoPF_pp.jpg\",\"width\":800,\"height\":800},{\"@type\":\"WebSite\",\"@id\":\"https:\\\/\\\/sartori-ambiente.com\\\/es\\\/#website\",\"url\":\"https:\\\/\\\/sartori-ambiente.com\\\/es\\\/\",\"name\":\"Sartori Ambiente\",\"description\":\"\",\"publisher\":{\"@id\":\"https:\\\/\\\/sartori-ambiente.com\\\/es\\\/#organization\"},\"potentialAction\":[{\"@type\":\"SearchAction\",\"target\":{\"@type\":\"EntryPoint\",\"urlTemplate\":\"https:\\\/\\\/sartori-ambiente.com\\\/es\\\/?s={search_term_string}\"},\"query-input\":{\"@type\":\"PropertyValueSpecification\",\"valueRequired\":true,\"valueName\":\"search_term_string\"}}],\"inLanguage\":\"es\"},{\"@type\":\"Organization\",\"@id\":\"https:\\\/\\\/sartori-ambiente.com\\\/es\\\/#organization\",\"name\":\"Sartori Ambiente\",\"url\":\"https:\\\/\\\/sartori-ambiente.com\\\/es\\\/\",\"logo\":{\"@type\":\"ImageObject\",\"inLanguage\":\"es\",\"@id\":\"https:\\\/\\\/sartori-ambiente.com\\\/es\\\/#\\\/schema\\\/logo\\\/image\\\/\",\"url\":\"https:\\\/\\\/sartori-ambiente.com\\\/wp-content\\\/uploads\\\/2021\\\/09\\\/Sartori_Ambiente_logo.svg\",\"contentUrl\":\"https:\\\/\\\/sartori-ambiente.com\\\/wp-content\\\/uploads\\\/2021\\\/09\\\/Sartori_Ambiente_logo.svg\",\"width\":1,\"height\":1,\"caption\":\"Sartori Ambiente\"},\"image\":{\"@id\":\"https:\\\/\\\/sartori-ambiente.com\\\/es\\\/#\\\/schema\\\/logo\\\/image\\\/\"}}]}<\/script>\n<!-- \/ Yoast SEO plugin. -->","yoast_head_json":{"title":"Gruppo Pietro Fiorentini | Sartori Ambiente","robots":{"index":"index","follow":"follow","max-snippet":"max-snippet:-1","max-image-preview":"max-image-preview:large","max-video-preview":"max-video-preview:-1"},"canonical":"https:\/\/sartori-ambiente.com\/es\/gruppo-pietro-fiorentini\/","og_locale":"es_ES","og_type":"article","og_title":"Gruppo Pietro Fiorentini | Sartori Ambiente","og_description":"Pietro Fiorentini, una de las mayores empresas industriales del noreste de Italia, tiene su sede en Arcugnano (Vicenza) y cumple sus objetivos industriales a trav\u00e9s de una amplia gama de soluciones tecnol\u00f3gicamente avanzadas a lo largo de toda la cadena del gas natural.\u00a0 La empresa cuenta tambi\u00e9n con numerosos proyectos relacionados con energ\u00edas renovables (biometano, [&hellip;]","og_url":"https:\/\/sartori-ambiente.com\/es\/gruppo-pietro-fiorentini\/","og_site_name":"Sartori Ambiente","article_modified_time":"2022-05-26T10:44:52+00:00","og_image":[{"width":800,"height":800,"url":"https:\/\/sartori-ambiente.com\/wp-content\/uploads\/2022\/05\/GruppoPF_pp.jpg","type":"image\/jpeg"}],"twitter_card":"summary_large_image","twitter_misc":{"Tiempo de lectura":"2 minutos"},"schema":{"@context":"https:\/\/schema.org","@graph":[{"@type":"WebPage","@id":"https:\/\/sartori-ambiente.com\/es\/gruppo-pietro-fiorentini\/","url":"https:\/\/sartori-ambiente.com\/es\/gruppo-pietro-fiorentini\/","name":"Gruppo Pietro Fiorentini | Sartori Ambiente","isPartOf":{"@id":"https:\/\/sartori-ambiente.com\/es\/#website"},"primaryImageOfPage":{"@id":"https:\/\/sartori-ambiente.com\/es\/gruppo-pietro-fiorentini\/#primaryimage"},"image":{"@id":"https:\/\/sartori-ambiente.com\/es\/gruppo-pietro-fiorentini\/#primaryimage"},"thumbnailUrl":"https:\/\/sartori-ambiente.com\/wp-content\/uploads\/2022\/05\/GruppoPF_pp.jpg","datePublished":"2022-05-09T08:22:33+00:00","dateModified":"2022-05-26T10:44:52+00:00","inLanguage":"es","potentialAction":[{"@type":"ReadAction","target":["https:\/\/sartori-ambiente.com\/es\/gruppo-pietro-fiorentini\/"]}]},{"@type":"ImageObject","inLanguage":"es","@id":"https:\/\/sartori-ambiente.com\/es\/gruppo-pietro-fiorentini\/#primaryimage","url":"https:\/\/sartori-ambiente.com\/wp-content\/uploads\/2022\/05\/GruppoPF_pp.jpg","contentUrl":"https:\/\/sartori-ambiente.com\/wp-content\/uploads\/2022\/05\/GruppoPF_pp.jpg","width":800,"height":800},{"@type":"WebSite","@id":"https:\/\/sartori-ambiente.com\/es\/#website","url":"https:\/\/sartori-ambiente.com\/es\/","name":"Sartori Ambiente","description":"","publisher":{"@id":"https:\/\/sartori-ambiente.com\/es\/#organization"},"potentialAction":[{"@type":"SearchAction","target":{"@type":"EntryPoint","urlTemplate":"https:\/\/sartori-ambiente.com\/es\/?s={search_term_string}"},"query-input":{"@type":"PropertyValueSpecification","valueRequired":true,"valueName":"search_term_string"}}],"inLanguage":"es"},{"@type":"Organization","@id":"https:\/\/sartori-ambiente.com\/es\/#organization","name":"Sartori Ambiente","url":"https:\/\/sartori-ambiente.com\/es\/","logo":{"@type":"ImageObject","inLanguage":"es","@id":"https:\/\/sartori-ambiente.com\/es\/#\/schema\/logo\/image\/","url":"https:\/\/sartori-ambiente.com\/wp-content\/uploads\/2021\/09\/Sartori_Ambiente_logo.svg","contentUrl":"https:\/\/sartori-ambiente.com\/wp-content\/uploads\/2021\/09\/Sartori_Ambiente_logo.svg","width":1,"height":1,"caption":"Sartori Ambiente"},"image":{"@id":"https:\/\/sartori-ambiente.com\/es\/#\/schema\/logo\/image\/"}}]}},"_links":{"self":[{"href":"https:\/\/sartori-ambiente.com\/es\/wp-json\/wp\/v2\/pages\/4793","targetHints":{"allow":["GET"]}}],"collection":[{"href":"https:\/\/sartori-ambiente.com\/es\/wp-json\/wp\/v2\/pages"}],"about":[{"href":"https:\/\/sartori-ambiente.com\/es\/wp-json\/wp\/v2\/types\/page"}],"author":[{"embeddable":true,"href":"https:\/\/sartori-ambiente.com\/es\/wp-json\/wp\/v2\/users\/1"}],"replies":[{"embeddable":true,"href":"https:\/\/sartori-ambiente.com\/es\/wp-json\/wp\/v2\/comments?post=4793"}],"version-history":[{"count":0,"href":"https:\/\/sartori-ambiente.com\/es\/wp-json\/wp\/v2\/pages\/4793\/revisions"}],"wp:featuredmedia":[{"embeddable":true,"href":"https:\/\/sartori-ambiente.com\/es\/wp-json\/wp\/v2\/media\/4751"}],"wp:attachment":[{"href":"https:\/\/sartori-ambiente.com\/es\/wp-json\/wp\/v2\/media?parent=4793"}],"curies":[{"name":"wp","href":"https:\/\/api.w.org\/{rel}","templated":true}]}}