{"id":5501,"date":"2022-09-17T18:04:26","date_gmt":"2022-09-17T16:04:26","guid":{"rendered":"https:\/\/sartori-ambiente.com\/?page_id=5501"},"modified":"2023-01-09T16:46:24","modified_gmt":"2023-01-09T15:46:24","slug":"digital-composting","status":"publish","type":"page","link":"https:\/\/sartori-ambiente.com\/es\/digital-composting\/","title":{"rendered":"Digital composting"},"content":{"rendered":"<h2>Acceso<\/h2>\n<p style=\"text-align: left;\">Descarga la APP de <a class=\"\" href=\"https:\/\/apps.apple.com\/it\/app\/junker-raccolta-differenziata\/id982194860\" target=\"_blank\" rel=\"noopener\">iOS<\/a>,\u00a0<a class=\"\" href=\"https:\/\/play.google.com\/store\/apps\/details?id=it.giunko.junker&amp;hl=it&amp;gl=US\" target=\"_blank\" rel=\"noopener\">Android<\/a>, o\u00a0<a class=\"\" href=\"https:\/\/appgallery.huawei.com\/#\/app\/C100092045\" target=\"_blank\" rel=\"noopener\">Huawei<\/a> y activa los servicios de compostaje digital.<\/p>\n<p style=\"text-align: left;\">Inf\u00f3rmate en el men\u00fa \u00abServicios\u00bb y escanea el\u00a0C\u00f3digo\u00a0QR\u00a0de tu compostador.<\/p>\n<h2>Compostador<\/h2>\n<p>El\u00a0compost\u00a0le permite gestionar activamente los recortes de jard\u00edn, los residuos vegetales, los restos de comida que se producen a diario.<\/p>\n<h2><strong>APP Junker \u2013 Servicios<\/strong><\/h2>\n<p>La gesti\u00f3n de residuos org\u00e1nicos compostables es a\u00fan m\u00e1s eficaz y sencilla gracias a la APP Junker.<\/p>\n<p>Con la aplicaci\u00f3n, ser\u00e1 posible acceder a las instrucciones de montaje, evitando as\u00ed el uso de papel impreso.<\/p>\n<p>Adem\u00e1s, es posible consultar la\u00a0gu\u00eda\u00a0para un correcto compostaje y un listado de las principales reglas a seguir para un buen compostaje.<\/p>\n<p>Finalmente, si el Municipio se ha unido, ser\u00e1 posible ingresar al \u00e1rea dedicada del registro de compost.<\/p>\n<div class=\"row\">\n<div class=\"col\"><a href=\"https:\/\/apps.apple.com\/it\/app\/junker-raccolta-differenziata\/id982194860\"><img loading=\"lazy\" decoding=\"async\" class=\"alignnone size-medium wp-image-5612\" src=\"https:\/\/sartori-ambiente.com\/wp-content\/uploads\/2022\/09\/DL-IOS-300x107.png\" alt=\"\" width=\"300\" height=\"107\" srcset=\"https:\/\/sartori-ambiente.com\/wp-content\/uploads\/2022\/09\/DL-IOS-300x107.png 300w, https:\/\/sartori-ambiente.com\/wp-content\/uploads\/2022\/09\/DL-IOS.png 370w\" sizes=\"auto, (max-width: 300px) 100vw, 300px\" \/><\/a><\/div>\n<div class=\"col\"><a href=\"https:\/\/play.google.com\/store\/apps\/details?id=it.giunko.junker&amp;hl=it&amp;gl=US\"><img loading=\"lazy\" decoding=\"async\" class=\"alignnone size-medium wp-image-5616\" src=\"https:\/\/sartori-ambiente.com\/wp-content\/uploads\/2022\/09\/DL-A-1-300x107.png\" alt=\"\" width=\"300\" height=\"107\" \/><\/a><\/div>\n<div class=\"col\"><a href=\"https:\/\/appgallery.huawei.com\/#\/app\/C100092045\"><img loading=\"lazy\" decoding=\"async\" class=\"alignnone size-medium wp-image-5620\" src=\"https:\/\/sartori-ambiente.com\/wp-content\/uploads\/2022\/09\/DL-H-300x107.png\" alt=\"\" width=\"300\" height=\"107\" srcset=\"https:\/\/sartori-ambiente.com\/wp-content\/uploads\/2022\/09\/DL-H-300x107.png 300w, https:\/\/sartori-ambiente.com\/wp-content\/uploads\/2022\/09\/DL-H.png 370w\" sizes=\"auto, (max-width: 300px) 100vw, 300px\" \/><\/a><\/div>\n<\/div>\n","protected":false},"excerpt":{"rendered":"<p>Acceso Descarga la APP de iOS,\u00a0Android, o\u00a0Huawei y activa los servicios de compostaje digital. Inf\u00f3rmate en el men\u00fa \u00abServicios\u00bb y escanea el\u00a0C\u00f3digo\u00a0QR\u00a0de tu compostador. Compostador El\u00a0compost\u00a0le permite gestionar activamente los recortes de jard\u00edn, los residuos vegetales, los restos de comida que se producen a diario. APP Junker \u2013 Servicios La gesti\u00f3n de residuos org\u00e1nicos compostables [&hellip;]<\/p>\n","protected":false},"author":1,"featured_media":0,"parent":0,"menu_order":12,"comment_status":"closed","ping_status":"closed","template":"","meta":{"_acf_changed":false,"footnotes":""},"class_list":["post-5501","page","type-page","status-publish","hentry"],"acf":[],"yoast_head":"<!-- This site is optimized with the Yoast SEO plugin v27.5 - https:\/\/yoast.com\/product\/yoast-seo-wordpress\/ -->\n<title>Digital composting | Sartori Ambiente<\/title>\n<meta name=\"robots\" content=\"index, follow, max-snippet:-1, max-image-preview:large, max-video-preview:-1\" \/>\n<link rel=\"canonical\" href=\"https:\/\/sartori-ambiente.com\/es\/digital-composting\/\" \/>\n<meta property=\"og:locale\" content=\"es_ES\" \/>\n<meta property=\"og:type\" content=\"article\" \/>\n<meta property=\"og:title\" content=\"Digital composting | Sartori Ambiente\" \/>\n<meta property=\"og:description\" content=\"Acceso Descarga la APP de iOS,\u00a0Android, o\u00a0Huawei y activa los servicios de compostaje digital. Inf\u00f3rmate en el men\u00fa \u00abServicios\u00bb y escanea el\u00a0C\u00f3digo\u00a0QR\u00a0de tu compostador. Compostador El\u00a0compost\u00a0le permite gestionar activamente los recortes de jard\u00edn, los residuos vegetales, los restos de comida que se producen a diario. APP Junker \u2013 Servicios La gesti\u00f3n de residuos org\u00e1nicos compostables [&hellip;]\" \/>\n<meta property=\"og:url\" content=\"https:\/\/sartori-ambiente.com\/es\/digital-composting\/\" \/>\n<meta property=\"og:site_name\" content=\"Sartori Ambiente\" \/>\n<meta property=\"article:modified_time\" content=\"2023-01-09T15:46:24+00:00\" \/>\n<meta property=\"og:image\" content=\"https:\/\/sartori-ambiente.com\/wp-content\/uploads\/2022\/09\/DL-IOS-300x107.png\" \/>\n<meta name=\"twitter:card\" content=\"summary_large_image\" \/>\n<meta name=\"twitter:label1\" content=\"Tiempo de lectura\" \/>\n\t<meta name=\"twitter:data1\" content=\"2 minutos\" \/>\n<script type=\"application\/ld+json\" class=\"yoast-schema-graph\">{\"@context\":\"https:\\\/\\\/schema.org\",\"@graph\":[{\"@type\":\"WebPage\",\"@id\":\"https:\\\/\\\/sartori-ambiente.com\\\/es\\\/digital-composting\\\/\",\"url\":\"https:\\\/\\\/sartori-ambiente.com\\\/es\\\/digital-composting\\\/\",\"name\":\"Digital composting | Sartori Ambiente\",\"isPartOf\":{\"@id\":\"https:\\\/\\\/sartori-ambiente.com\\\/es\\\/#website\"},\"primaryImageOfPage\":{\"@id\":\"https:\\\/\\\/sartori-ambiente.com\\\/es\\\/digital-composting\\\/#primaryimage\"},\"image\":{\"@id\":\"https:\\\/\\\/sartori-ambiente.com\\\/es\\\/digital-composting\\\/#primaryimage\"},\"thumbnailUrl\":\"https:\\\/\\\/sartori-ambiente.com\\\/wp-content\\\/uploads\\\/2022\\\/09\\\/DL-IOS-300x107.png\",\"datePublished\":\"2022-09-17T16:04:26+00:00\",\"dateModified\":\"2023-01-09T15:46:24+00:00\",\"inLanguage\":\"es\",\"potentialAction\":[{\"@type\":\"ReadAction\",\"target\":[\"https:\\\/\\\/sartori-ambiente.com\\\/es\\\/digital-composting\\\/\"]}]},{\"@type\":\"ImageObject\",\"inLanguage\":\"es\",\"@id\":\"https:\\\/\\\/sartori-ambiente.com\\\/es\\\/digital-composting\\\/#primaryimage\",\"url\":\"https:\\\/\\\/sartori-ambiente.com\\\/wp-content\\\/uploads\\\/2022\\\/09\\\/DL-IOS-300x107.png\",\"contentUrl\":\"https:\\\/\\\/sartori-ambiente.com\\\/wp-content\\\/uploads\\\/2022\\\/09\\\/DL-IOS-300x107.png\"},{\"@type\":\"WebSite\",\"@id\":\"https:\\\/\\\/sartori-ambiente.com\\\/es\\\/#website\",\"url\":\"https:\\\/\\\/sartori-ambiente.com\\\/es\\\/\",\"name\":\"Sartori Ambiente\",\"description\":\"\",\"publisher\":{\"@id\":\"https:\\\/\\\/sartori-ambiente.com\\\/es\\\/#organization\"},\"potentialAction\":[{\"@type\":\"SearchAction\",\"target\":{\"@type\":\"EntryPoint\",\"urlTemplate\":\"https:\\\/\\\/sartori-ambiente.com\\\/es\\\/?s={search_term_string}\"},\"query-input\":{\"@type\":\"PropertyValueSpecification\",\"valueRequired\":true,\"valueName\":\"search_term_string\"}}],\"inLanguage\":\"es\"},{\"@type\":\"Organization\",\"@id\":\"https:\\\/\\\/sartori-ambiente.com\\\/es\\\/#organization\",\"name\":\"Sartori Ambiente\",\"url\":\"https:\\\/\\\/sartori-ambiente.com\\\/es\\\/\",\"logo\":{\"@type\":\"ImageObject\",\"inLanguage\":\"es\",\"@id\":\"https:\\\/\\\/sartori-ambiente.com\\\/es\\\/#\\\/schema\\\/logo\\\/image\\\/\",\"url\":\"https:\\\/\\\/sartori-ambiente.com\\\/wp-content\\\/uploads\\\/2021\\\/09\\\/Sartori_Ambiente_logo.svg\",\"contentUrl\":\"https:\\\/\\\/sartori-ambiente.com\\\/wp-content\\\/uploads\\\/2021\\\/09\\\/Sartori_Ambiente_logo.svg\",\"width\":1,\"height\":1,\"caption\":\"Sartori Ambiente\"},\"image\":{\"@id\":\"https:\\\/\\\/sartori-ambiente.com\\\/es\\\/#\\\/schema\\\/logo\\\/image\\\/\"}}]}<\/script>\n<!-- \/ Yoast SEO plugin. -->","yoast_head_json":{"title":"Digital composting | Sartori Ambiente","robots":{"index":"index","follow":"follow","max-snippet":"max-snippet:-1","max-image-preview":"max-image-preview:large","max-video-preview":"max-video-preview:-1"},"canonical":"https:\/\/sartori-ambiente.com\/es\/digital-composting\/","og_locale":"es_ES","og_type":"article","og_title":"Digital composting | Sartori Ambiente","og_description":"Acceso Descarga la APP de iOS,\u00a0Android, o\u00a0Huawei y activa los servicios de compostaje digital. Inf\u00f3rmate en el men\u00fa \u00abServicios\u00bb y escanea el\u00a0C\u00f3digo\u00a0QR\u00a0de tu compostador. Compostador El\u00a0compost\u00a0le permite gestionar activamente los recortes de jard\u00edn, los residuos vegetales, los restos de comida que se producen a diario. APP Junker \u2013 Servicios La gesti\u00f3n de residuos org\u00e1nicos compostables [&hellip;]","og_url":"https:\/\/sartori-ambiente.com\/es\/digital-composting\/","og_site_name":"Sartori Ambiente","article_modified_time":"2023-01-09T15:46:24+00:00","og_image":[{"url":"https:\/\/sartori-ambiente.com\/wp-content\/uploads\/2022\/09\/DL-IOS-300x107.png","type":"","width":"","height":""}],"twitter_card":"summary_large_image","twitter_misc":{"Tiempo de lectura":"2 minutos"},"schema":{"@context":"https:\/\/schema.org","@graph":[{"@type":"WebPage","@id":"https:\/\/sartori-ambiente.com\/es\/digital-composting\/","url":"https:\/\/sartori-ambiente.com\/es\/digital-composting\/","name":"Digital composting | Sartori Ambiente","isPartOf":{"@id":"https:\/\/sartori-ambiente.com\/es\/#website"},"primaryImageOfPage":{"@id":"https:\/\/sartori-ambiente.com\/es\/digital-composting\/#primaryimage"},"image":{"@id":"https:\/\/sartori-ambiente.com\/es\/digital-composting\/#primaryimage"},"thumbnailUrl":"https:\/\/sartori-ambiente.com\/wp-content\/uploads\/2022\/09\/DL-IOS-300x107.png","datePublished":"2022-09-17T16:04:26+00:00","dateModified":"2023-01-09T15:46:24+00:00","inLanguage":"es","potentialAction":[{"@type":"ReadAction","target":["https:\/\/sartori-ambiente.com\/es\/digital-composting\/"]}]},{"@type":"ImageObject","inLanguage":"es","@id":"https:\/\/sartori-ambiente.com\/es\/digital-composting\/#primaryimage","url":"https:\/\/sartori-ambiente.com\/wp-content\/uploads\/2022\/09\/DL-IOS-300x107.png","contentUrl":"https:\/\/sartori-ambiente.com\/wp-content\/uploads\/2022\/09\/DL-IOS-300x107.png"},{"@type":"WebSite","@id":"https:\/\/sartori-ambiente.com\/es\/#website","url":"https:\/\/sartori-ambiente.com\/es\/","name":"Sartori Ambiente","description":"","publisher":{"@id":"https:\/\/sartori-ambiente.com\/es\/#organization"},"potentialAction":[{"@type":"SearchAction","target":{"@type":"EntryPoint","urlTemplate":"https:\/\/sartori-ambiente.com\/es\/?s={search_term_string}"},"query-input":{"@type":"PropertyValueSpecification","valueRequired":true,"valueName":"search_term_string"}}],"inLanguage":"es"},{"@type":"Organization","@id":"https:\/\/sartori-ambiente.com\/es\/#organization","name":"Sartori Ambiente","url":"https:\/\/sartori-ambiente.com\/es\/","logo":{"@type":"ImageObject","inLanguage":"es","@id":"https:\/\/sartori-ambiente.com\/es\/#\/schema\/logo\/image\/","url":"https:\/\/sartori-ambiente.com\/wp-content\/uploads\/2021\/09\/Sartori_Ambiente_logo.svg","contentUrl":"https:\/\/sartori-ambiente.com\/wp-content\/uploads\/2021\/09\/Sartori_Ambiente_logo.svg","width":1,"height":1,"caption":"Sartori Ambiente"},"image":{"@id":"https:\/\/sartori-ambiente.com\/es\/#\/schema\/logo\/image\/"}}]}},"_links":{"self":[{"href":"https:\/\/sartori-ambiente.com\/es\/wp-json\/wp\/v2\/pages\/5501","targetHints":{"allow":["GET"]}}],"collection":[{"href":"https:\/\/sartori-ambiente.com\/es\/wp-json\/wp\/v2\/pages"}],"about":[{"href":"https:\/\/sartori-ambiente.com\/es\/wp-json\/wp\/v2\/types\/page"}],"author":[{"embeddable":true,"href":"https:\/\/sartori-ambiente.com\/es\/wp-json\/wp\/v2\/users\/1"}],"replies":[{"embeddable":true,"href":"https:\/\/sartori-ambiente.com\/es\/wp-json\/wp\/v2\/comments?post=5501"}],"version-history":[{"count":0,"href":"https:\/\/sartori-ambiente.com\/es\/wp-json\/wp\/v2\/pages\/5501\/revisions"}],"wp:attachment":[{"href":"https:\/\/sartori-ambiente.com\/es\/wp-json\/wp\/v2\/media?parent=5501"}],"curies":[{"name":"wp","href":"https:\/\/api.w.org\/{rel}","templated":true}]}}