{"id":1772,"date":"2021-08-06T08:46:41","date_gmt":"2021-08-06T08:46:41","guid":{"rendered":"https:\/\/sartori-ambiente.hgblu.dev\/azienda\/"},"modified":"2026-04-14T16:44:52","modified_gmt":"2026-04-14T14:44:52","slug":"agence","status":"publish","type":"page","link":"https:\/\/sartori-ambiente.com\/fr\/agence\/","title":{"rendered":"Sartori Ambiente"},"content":{"rendered":"<p>Nacimos en <strong>1996<\/strong> para ocuparnos del medio ambiente. La constante actividad de investigaci\u00f3n nos ha permitido actuar con antelaci\u00f3n a las decisiones normativas y a los desaf\u00edos del sector. Con este enfoque innovador y una gesti\u00f3n sist\u00e9mica del tema de los residuos, hemos sido capaces de responder a las necesidades y urgencias de diferentes sectores y pa\u00edses, tanto a nivel nacional como europeo e internacional.<br \/>\nTrabajamos con dos objetivos principales: apoyar a nuestros clientes proponiendo las soluciones tecnol\u00f3gicas adecuadas a su situaci\u00f3n espec\u00edfica, y promover soluciones para la recogida selectiva y la realizaci\u00f3n de proyectos inform\u00e1ticos de apoyo que mejoren la calidad del medio ambiente.<\/p>\n<p><strong>Altares<\/strong> naci\u00f3 en <strong>2009<\/strong> de la uni\u00f3n de dos entidades, una especializada en soluciones para la recogida de residuos y la otra en la realizaci\u00f3n de proyectos inform\u00e1ticos. El 31 de diciembre de <strong>2021<\/strong>, Altares se fusion\u00f3 por incorporaci\u00f3n en <strong>Sartori Ambiente<\/strong>.<br \/>\nDesde 2009, ofrecemos soluciones de software que simplifican y automatizan la recopilaci\u00f3n y el an\u00e1lisis de datos sobre la gesti\u00f3n de residuos, aportando importantes ventajas tanto desde el punto de vista operativo como econ\u00f3mico.<\/p>\n<p>En <strong>2022<\/strong>, el <strong>Grupo Pietro Fiorentini<\/strong> complet\u00f3 la adquisici\u00f3n del 60 % de las acciones de Sartori Ambiente S.r.l., mientras que el 40 % restante qued\u00f3 en manos del socio fundador, Michele Sartori.<br \/>\n\u201cA trav\u00e9s de esta operaci\u00f3n alcanzamos el objetivo de consolidar, tanto a nivel italiano como internacional, nuestro papel de liderazgo en la cadena de gesti\u00f3n de residuos\u201d, afirm\u00f3 Michele Sartori, Presidente y Director General de Sartori Ambiente. \u201cLa colaboraci\u00f3n con Pietro Fiorentini y Terranova reforzar\u00e1 nuestra capacidad para apoyar a los municipios italianos y a nuestros clientes en proyectos de mejora de las infraestructuras para la recogida selectiva, contribuyendo al desarrollo de la econom\u00eda circular mediante la valorizaci\u00f3n de residuos y subproductos destinados a la producci\u00f3n de gases sostenibles\u201d.<\/p>\n<p>A partir de <strong>2024<\/strong>, formamos parte de <strong>DNA Ambiente<\/strong>, un ecosistema rico en competencias, experiencias y soluciones que incluye Sartori Ambiente, Arcoda, Junker App, Ambiente.it y HPA.<\/p>\n<p>El \u00e9xito de las acciones de recogida selectiva requiere especial atenci\u00f3n: por eso se necesitan soluciones y productos dise\u00f1ados para cada caso espec\u00edfico.<\/p>\n<p>&nbsp;<\/p>\n","protected":false},"excerpt":{"rendered":"<p>Nacimos en 1996 para ocuparnos del medio ambiente. La constante actividad de investigaci\u00f3n nos ha permitido actuar con antelaci\u00f3n a las decisiones normativas y a los desaf\u00edos del sector. Con este enfoque innovador y una gesti\u00f3n sist\u00e9mica del tema de los residuos, hemos sido capaces de responder a las necesidades y urgencias de diferentes sectores [&hellip;]<\/p>\n","protected":false},"author":1,"featured_media":1774,"parent":0,"menu_order":13,"comment_status":"closed","ping_status":"closed","template":"template-azienda.php","meta":{"_acf_changed":false,"footnotes":""},"class_list":["post-1772","page","type-page","status-publish","has-post-thumbnail","hentry"],"acf":[],"yoast_head":"<!-- This site is optimized with the Yoast SEO plugin v27.4 - https:\/\/yoast.com\/product\/yoast-seo-wordpress\/ -->\n<title>Sartori Ambiente | Sartori Ambiente<\/title>\n<meta name=\"robots\" content=\"index, follow, max-snippet:-1, max-image-preview:large, max-video-preview:-1\" \/>\n<link rel=\"canonical\" href=\"https:\/\/sartori-ambiente.com\/fr\/agence\/\" \/>\n<meta property=\"og:locale\" content=\"fr_FR\" \/>\n<meta property=\"og:type\" content=\"article\" \/>\n<meta property=\"og:title\" content=\"Sartori Ambiente | Sartori Ambiente\" \/>\n<meta property=\"og:description\" content=\"Nacimos en 1996 para ocuparnos del medio ambiente. La constante actividad de investigaci\u00f3n nos ha permitido actuar con antelaci\u00f3n a las decisiones normativas y a los desaf\u00edos del sector. Con este enfoque innovador y una gesti\u00f3n sist\u00e9mica del tema de los residuos, hemos sido capaces de responder a las necesidades y urgencias de diferentes sectores [&hellip;]\" \/>\n<meta property=\"og:url\" content=\"https:\/\/sartori-ambiente.com\/fr\/agence\/\" \/>\n<meta property=\"og:site_name\" content=\"Sartori Ambiente\" \/>\n<meta property=\"article:modified_time\" content=\"2026-04-14T14:44:52+00:00\" \/>\n<meta property=\"og:image\" content=\"https:\/\/sartori-ambiente.com\/wp-content\/uploads\/2021\/09\/Azienda_pp.jpg\" \/>\n\t<meta property=\"og:image:width\" content=\"800\" \/>\n\t<meta property=\"og:image:height\" content=\"800\" \/>\n\t<meta property=\"og:image:type\" content=\"image\/jpeg\" \/>\n<meta name=\"twitter:card\" content=\"summary_large_image\" \/>\n<meta name=\"twitter:label1\" content=\"Dur\u00e9e de lecture estim\u00e9e\" \/>\n\t<meta name=\"twitter:data1\" content=\"3 minutes\" \/>\n<script type=\"application\/ld+json\" class=\"yoast-schema-graph\">{\"@context\":\"https:\\\/\\\/schema.org\",\"@graph\":[{\"@type\":\"WebPage\",\"@id\":\"https:\\\/\\\/sartori-ambiente.com\\\/fr\\\/agence\\\/\",\"url\":\"https:\\\/\\\/sartori-ambiente.com\\\/fr\\\/agence\\\/\",\"name\":\"Sartori Ambiente | Sartori Ambiente\",\"isPartOf\":{\"@id\":\"https:\\\/\\\/sartori-ambiente.com\\\/fr\\\/#website\"},\"primaryImageOfPage\":{\"@id\":\"https:\\\/\\\/sartori-ambiente.com\\\/fr\\\/agence\\\/#primaryimage\"},\"image\":{\"@id\":\"https:\\\/\\\/sartori-ambiente.com\\\/fr\\\/agence\\\/#primaryimage\"},\"thumbnailUrl\":\"https:\\\/\\\/sartori-ambiente.com\\\/wp-content\\\/uploads\\\/2021\\\/09\\\/Azienda_pp.jpg\",\"datePublished\":\"2021-08-06T08:46:41+00:00\",\"dateModified\":\"2026-04-14T14:44:52+00:00\",\"inLanguage\":\"fr-FR\",\"potentialAction\":[{\"@type\":\"ReadAction\",\"target\":[\"https:\\\/\\\/sartori-ambiente.com\\\/fr\\\/agence\\\/\"]}]},{\"@type\":\"ImageObject\",\"inLanguage\":\"fr-FR\",\"@id\":\"https:\\\/\\\/sartori-ambiente.com\\\/fr\\\/agence\\\/#primaryimage\",\"url\":\"https:\\\/\\\/sartori-ambiente.com\\\/wp-content\\\/uploads\\\/2021\\\/09\\\/Azienda_pp.jpg\",\"contentUrl\":\"https:\\\/\\\/sartori-ambiente.com\\\/wp-content\\\/uploads\\\/2021\\\/09\\\/Azienda_pp.jpg\",\"width\":800,\"height\":800},{\"@type\":\"WebSite\",\"@id\":\"https:\\\/\\\/sartori-ambiente.com\\\/fr\\\/#website\",\"url\":\"https:\\\/\\\/sartori-ambiente.com\\\/fr\\\/\",\"name\":\"Sartori Ambiente\",\"description\":\"\",\"publisher\":{\"@id\":\"https:\\\/\\\/sartori-ambiente.com\\\/fr\\\/#organization\"},\"potentialAction\":[{\"@type\":\"SearchAction\",\"target\":{\"@type\":\"EntryPoint\",\"urlTemplate\":\"https:\\\/\\\/sartori-ambiente.com\\\/fr\\\/?s={search_term_string}\"},\"query-input\":{\"@type\":\"PropertyValueSpecification\",\"valueRequired\":true,\"valueName\":\"search_term_string\"}}],\"inLanguage\":\"fr-FR\"},{\"@type\":\"Organization\",\"@id\":\"https:\\\/\\\/sartori-ambiente.com\\\/fr\\\/#organization\",\"name\":\"Sartori Ambiente\",\"url\":\"https:\\\/\\\/sartori-ambiente.com\\\/fr\\\/\",\"logo\":{\"@type\":\"ImageObject\",\"inLanguage\":\"fr-FR\",\"@id\":\"https:\\\/\\\/sartori-ambiente.com\\\/fr\\\/#\\\/schema\\\/logo\\\/image\\\/\",\"url\":\"https:\\\/\\\/sartori-ambiente.com\\\/wp-content\\\/uploads\\\/2021\\\/09\\\/Sartori_Ambiente_logo.svg\",\"contentUrl\":\"https:\\\/\\\/sartori-ambiente.com\\\/wp-content\\\/uploads\\\/2021\\\/09\\\/Sartori_Ambiente_logo.svg\",\"width\":1,\"height\":1,\"caption\":\"Sartori Ambiente\"},\"image\":{\"@id\":\"https:\\\/\\\/sartori-ambiente.com\\\/fr\\\/#\\\/schema\\\/logo\\\/image\\\/\"}}]}<\/script>\n<!-- \/ Yoast SEO plugin. -->","yoast_head_json":{"title":"Sartori Ambiente | Sartori Ambiente","robots":{"index":"index","follow":"follow","max-snippet":"max-snippet:-1","max-image-preview":"max-image-preview:large","max-video-preview":"max-video-preview:-1"},"canonical":"https:\/\/sartori-ambiente.com\/fr\/agence\/","og_locale":"fr_FR","og_type":"article","og_title":"Sartori Ambiente | Sartori Ambiente","og_description":"Nacimos en 1996 para ocuparnos del medio ambiente. La constante actividad de investigaci\u00f3n nos ha permitido actuar con antelaci\u00f3n a las decisiones normativas y a los desaf\u00edos del sector. Con este enfoque innovador y una gesti\u00f3n sist\u00e9mica del tema de los residuos, hemos sido capaces de responder a las necesidades y urgencias de diferentes sectores [&hellip;]","og_url":"https:\/\/sartori-ambiente.com\/fr\/agence\/","og_site_name":"Sartori Ambiente","article_modified_time":"2026-04-14T14:44:52+00:00","og_image":[{"width":800,"height":800,"url":"https:\/\/sartori-ambiente.com\/wp-content\/uploads\/2021\/09\/Azienda_pp.jpg","type":"image\/jpeg"}],"twitter_card":"summary_large_image","twitter_misc":{"Dur\u00e9e de lecture estim\u00e9e":"3 minutes"},"schema":{"@context":"https:\/\/schema.org","@graph":[{"@type":"WebPage","@id":"https:\/\/sartori-ambiente.com\/fr\/agence\/","url":"https:\/\/sartori-ambiente.com\/fr\/agence\/","name":"Sartori Ambiente | Sartori Ambiente","isPartOf":{"@id":"https:\/\/sartori-ambiente.com\/fr\/#website"},"primaryImageOfPage":{"@id":"https:\/\/sartori-ambiente.com\/fr\/agence\/#primaryimage"},"image":{"@id":"https:\/\/sartori-ambiente.com\/fr\/agence\/#primaryimage"},"thumbnailUrl":"https:\/\/sartori-ambiente.com\/wp-content\/uploads\/2021\/09\/Azienda_pp.jpg","datePublished":"2021-08-06T08:46:41+00:00","dateModified":"2026-04-14T14:44:52+00:00","inLanguage":"fr-FR","potentialAction":[{"@type":"ReadAction","target":["https:\/\/sartori-ambiente.com\/fr\/agence\/"]}]},{"@type":"ImageObject","inLanguage":"fr-FR","@id":"https:\/\/sartori-ambiente.com\/fr\/agence\/#primaryimage","url":"https:\/\/sartori-ambiente.com\/wp-content\/uploads\/2021\/09\/Azienda_pp.jpg","contentUrl":"https:\/\/sartori-ambiente.com\/wp-content\/uploads\/2021\/09\/Azienda_pp.jpg","width":800,"height":800},{"@type":"WebSite","@id":"https:\/\/sartori-ambiente.com\/fr\/#website","url":"https:\/\/sartori-ambiente.com\/fr\/","name":"Sartori Ambiente","description":"","publisher":{"@id":"https:\/\/sartori-ambiente.com\/fr\/#organization"},"potentialAction":[{"@type":"SearchAction","target":{"@type":"EntryPoint","urlTemplate":"https:\/\/sartori-ambiente.com\/fr\/?s={search_term_string}"},"query-input":{"@type":"PropertyValueSpecification","valueRequired":true,"valueName":"search_term_string"}}],"inLanguage":"fr-FR"},{"@type":"Organization","@id":"https:\/\/sartori-ambiente.com\/fr\/#organization","name":"Sartori Ambiente","url":"https:\/\/sartori-ambiente.com\/fr\/","logo":{"@type":"ImageObject","inLanguage":"fr-FR","@id":"https:\/\/sartori-ambiente.com\/fr\/#\/schema\/logo\/image\/","url":"https:\/\/sartori-ambiente.com\/wp-content\/uploads\/2021\/09\/Sartori_Ambiente_logo.svg","contentUrl":"https:\/\/sartori-ambiente.com\/wp-content\/uploads\/2021\/09\/Sartori_Ambiente_logo.svg","width":1,"height":1,"caption":"Sartori Ambiente"},"image":{"@id":"https:\/\/sartori-ambiente.com\/fr\/#\/schema\/logo\/image\/"}}]}},"_links":{"self":[{"href":"https:\/\/sartori-ambiente.com\/fr\/wp-json\/wp\/v2\/pages\/1772","targetHints":{"allow":["GET"]}}],"collection":[{"href":"https:\/\/sartori-ambiente.com\/fr\/wp-json\/wp\/v2\/pages"}],"about":[{"href":"https:\/\/sartori-ambiente.com\/fr\/wp-json\/wp\/v2\/types\/page"}],"author":[{"embeddable":true,"href":"https:\/\/sartori-ambiente.com\/fr\/wp-json\/wp\/v2\/users\/1"}],"replies":[{"embeddable":true,"href":"https:\/\/sartori-ambiente.com\/fr\/wp-json\/wp\/v2\/comments?post=1772"}],"version-history":[{"count":2,"href":"https:\/\/sartori-ambiente.com\/fr\/wp-json\/wp\/v2\/pages\/1772\/revisions"}],"predecessor-version":[{"id":11894,"href":"https:\/\/sartori-ambiente.com\/fr\/wp-json\/wp\/v2\/pages\/1772\/revisions\/11894"}],"wp:featuredmedia":[{"embeddable":true,"href":"https:\/\/sartori-ambiente.com\/fr\/wp-json\/wp\/v2\/media\/1774"}],"wp:attachment":[{"href":"https:\/\/sartori-ambiente.com\/fr\/wp-json\/wp\/v2\/media?parent=1772"}],"curies":[{"name":"wp","href":"https:\/\/api.w.org\/{rel}","templated":true}]}}