{"id":2866,"date":"2021-08-06T13:12:14","date_gmt":"2021-08-06T13:12:14","guid":{"rendered":"https:\/\/sartori-ambiente.hgblu.dev\/contattaci\/"},"modified":"2021-11-26T13:56:48","modified_gmt":"2021-11-26T12:56:48","slug":"contattaci","status":"publish","type":"page","link":"https:\/\/sartori-ambiente.com\/fr\/contattaci\/","title":{"rendered":"Contactez-nous"},"content":{"rendered":"<div class=\"wpforms-container wpforms-container-full\" id=\"wpforms-4190\"><form id=\"wpforms-form-4190\" class=\"wpforms-validate wpforms-form wpforms-ajax-form\" data-formid=\"4190\" method=\"post\" enctype=\"multipart\/form-data\" action=\"\/fr\/wp-json\/wp\/v2\/pages\/2866\" data-token=\"0065b7794c6f206e8e85a85519e63a39\" data-token-time=\"1777660200\"><noscript class=\"wpforms-error-noscript\">Veuillez activer JavaScript dans votre navigateur pour remplir ce formulaire.<\/noscript><div class=\"wpforms-field-container\"><div id=\"wpforms-4190-field_14-container\" class=\"wpforms-field wpforms-field-text wpforms-one-half wpforms-first\" data-field-id=\"14\"><label class=\"wpforms-field-label\" for=\"wpforms-4190-field_14\">Pr\u00e9nom <span class=\"wpforms-required-label\">*<\/span><\/label><input type=\"text\" id=\"wpforms-4190-field_14\" class=\"wpforms-field-medium wpforms-field-required\" name=\"wpforms[fields][14]\" required><\/div><div id=\"wpforms-4190-field_15-container\" class=\"wpforms-field wpforms-field-text wpforms-one-half\" data-field-id=\"15\"><label class=\"wpforms-field-label\" for=\"wpforms-4190-field_15\">Nom <span class=\"wpforms-required-label\">*<\/span><\/label><input type=\"text\" id=\"wpforms-4190-field_15\" class=\"wpforms-field-medium wpforms-field-required\" name=\"wpforms[fields][15]\" required><\/div><div id=\"wpforms-4190-field_18-container\" class=\"wpforms-field wpforms-field-email wpforms-one-half wpforms-first\" data-field-id=\"18\"><label class=\"wpforms-field-label\" for=\"wpforms-4190-field_18\">Email <span class=\"wpforms-required-label\">*<\/span><\/label><input type=\"email\" id=\"wpforms-4190-field_18\" class=\"wpforms-field-medium wpforms-field-required\" name=\"wpforms[fields][18]\" spellcheck=\"false\" required><\/div><div id=\"wpforms-4190-field_17-container\" class=\"wpforms-field wpforms-field-text wpforms-one-half\" data-field-id=\"17\"><label class=\"wpforms-field-label\" for=\"wpforms-4190-field_17\">Agence<\/label><input type=\"text\" id=\"wpforms-4190-field_17\" class=\"wpforms-field-medium\" name=\"wpforms[fields][17]\" ><\/div><div id=\"wpforms-4190-field_19-container\" class=\"wpforms-field wpforms-field-phone wpforms-one-half wpforms-first\" data-field-id=\"19\"><label class=\"wpforms-field-label\" for=\"wpforms-4190-field_19\">T\u00e9l\u00e9phone <span class=\"wpforms-required-label\">*<\/span><\/label><input type=\"tel\" id=\"wpforms-4190-field_19\" class=\"wpforms-field-medium wpforms-field-required\" data-rule-int-phone-field=\"true\" name=\"wpforms[fields][19]\" aria-label=\"T\u00e9l\u00e9phone\" required><\/div><div id=\"wpforms-4190-field_20-container\" class=\"wpforms-field wpforms-field-text wpforms-one-half\" data-field-id=\"20\"><label class=\"wpforms-field-label\" for=\"wpforms-4190-field_20\">Nation <span class=\"wpforms-required-label\">*<\/span><\/label><input type=\"text\" id=\"wpforms-4190-field_20\" class=\"wpforms-field-medium wpforms-field-required\" name=\"wpforms[fields][20]\" required><\/div><div id=\"wpforms-4190-field_2-container\" class=\"wpforms-field wpforms-field-textarea\" data-field-id=\"2\"><label class=\"wpforms-field-label\" for=\"wpforms-4190-field_2\">Texte <span class=\"wpforms-required-label\">*<\/span><\/label><textarea id=\"wpforms-4190-field_2\" class=\"wpforms-field-medium wpforms-field-required\" name=\"wpforms[fields][2]\" required><\/textarea><\/div><div id=\"wpforms-4190-field_11-container\" class=\"wpforms-field wpforms-field-checkbox\" data-field-id=\"11\"><label class=\"wpforms-field-label wpforms-label-hide\">Privacy policy <span class=\"wpforms-required-label\">*<\/span><\/label><ul id=\"wpforms-4190-field_11\" class=\"wpforms-field-required\"><li class=\"choice-1 depth-1\"><input type=\"checkbox\" id=\"wpforms-4190-field_11_1\" name=\"wpforms[fields][11][]\" value=\"J&#039;ai lu la politique de confidentialit\u00e9 et j&#039;autorise le traitement de mes donn\u00e9es personnelles.\" required ><label class=\"wpforms-field-label-inline\" for=\"wpforms-4190-field_11_1\">J'ai lu la politique de confidentialit\u00e9 et j'autorise le traitement de mes donn\u00e9es personnelles.<\/label><\/li><\/ul><div class=\"wpforms-field-description\">Les donn\u00e9es fournies en remplissant ce formulaire de demande d'informations feront l'objet d'un traitement sur support papier et informatis\u00e9. Vos donn\u00e9es seront utilis\u00e9es exclusivement pour r\u00e9pondre \u00e0 vos demandes sp\u00e9cifiques. Le responsable du traitement des donn\u00e9es est Sartori Ambiente Srl, auquel vous pourrez vous adresser pour exercer vos droits, tels que le droit d'acc\u00e8s, d'int\u00e9gration, de rectification et d'effacement de vos donn\u00e9es \u00e0 caract\u00e8re personnel. Pour prendre connaissance de notre d\u00e9claration en mati\u00e8re de protection des donn\u00e9es personnelles, veuillez vous r\u00e9f\u00e9rer \u00e0 notre politique de confidentialit\u00e9.<\/div><\/div><\/div><!-- .wpforms-field-container --><div class=\"wpforms-recaptcha-container wpforms-is-turnstile\" ><div class=\"wpforms-turnstile\" data-sitekey=\"0x4AAAAAAARTgSkoEmgbZmbG\" data-action=\"FormID-4190\"><\/div><input type=\"text\" name=\"g-recaptcha-hidden\" class=\"wpforms-recaptcha-hidden\" style=\"position:absolute!important;clip:rect(0,0,0,0)!important;height:1px!important;width:1px!important;border:0!important;overflow:hidden!important;padding:0!important;margin:0!important;\" data-rule-turnstile=\"1\"><\/div><div class=\"wpforms-submit-container\" ><input type=\"hidden\" name=\"wpforms[id]\" value=\"4190\"><input type=\"hidden\" name=\"page_title\" value=\"\"><input type=\"hidden\" name=\"page_url\" value=\"https:\/\/sartori-ambiente.com\/fr\/wp-json\/wp\/v2\/pages\/2866\"><input type=\"hidden\" name=\"url_referer\" value=\"\"><button type=\"submit\" name=\"wpforms[submit]\" id=\"wpforms-submit-4190\" class=\"wpforms-submit\" aria-live=\"assertive\" value=\"wpforms-submit\">Soumettre<\/button><img loading=\"lazy\" decoding=\"async\" src=\"https:\/\/sartori-ambiente.com\/wp-content\/plugins\/wpforms\/assets\/images\/submit-spin.svg\" class=\"wpforms-submit-spinner\" style=\"display: none;\" width=\"26\" height=\"26\" alt=\"Chargement en cours\"><\/div><\/form><\/div>  <!-- .wpforms-container -->\n","protected":false},"excerpt":{"rendered":"","protected":false},"author":1,"featured_media":0,"parent":0,"menu_order":19,"comment_status":"closed","ping_status":"closed","template":"template-contattaci.php","meta":{"_acf_changed":false,"footnotes":""},"class_list":["post-2866","page","type-page","status-publish","hentry"],"acf":[],"yoast_head":"<!-- This site is optimized with the Yoast SEO plugin v27.5 - https:\/\/yoast.com\/product\/yoast-seo-wordpress\/ -->\n<title>Contactez-nous | Sartori Ambiente<\/title>\n<meta name=\"description\" content=\"Vous recherchez une entreprise sp\u00e9cialis\u00e9e dans la collecte des d\u00e9chets ? Sartori Ambiente, aux c\u00f4t\u00e9s de l&#039;environnement.\" \/>\n<meta name=\"robots\" content=\"index, follow, max-snippet:-1, max-image-preview:large, max-video-preview:-1\" \/>\n<link rel=\"canonical\" href=\"https:\/\/sartori-ambiente.com\/fr\/contattaci\/\" \/>\n<meta property=\"og:locale\" content=\"fr_FR\" \/>\n<meta property=\"og:type\" content=\"article\" \/>\n<meta property=\"og:title\" content=\"Contactez-nous | Sartori Ambiente\" \/>\n<meta property=\"og:description\" content=\"Vous recherchez une entreprise sp\u00e9cialis\u00e9e dans la collecte des d\u00e9chets ? Sartori Ambiente, aux c\u00f4t\u00e9s de l&#039;environnement.\" \/>\n<meta property=\"og:url\" content=\"https:\/\/sartori-ambiente.com\/fr\/contattaci\/\" \/>\n<meta property=\"og:site_name\" content=\"Sartori Ambiente\" \/>\n<meta property=\"article:modified_time\" content=\"2021-11-26T12:56:48+00:00\" \/>\n<meta name=\"twitter:card\" content=\"summary_large_image\" \/>\n<script type=\"application\/ld+json\" class=\"yoast-schema-graph\">{\"@context\":\"https:\\\/\\\/schema.org\",\"@graph\":[{\"@type\":\"WebPage\",\"@id\":\"https:\\\/\\\/sartori-ambiente.com\\\/fr\\\/contattaci\\\/\",\"url\":\"https:\\\/\\\/sartori-ambiente.com\\\/fr\\\/contattaci\\\/\",\"name\":\"Contactez-nous | Sartori Ambiente\",\"isPartOf\":{\"@id\":\"https:\\\/\\\/sartori-ambiente.com\\\/fr\\\/#website\"},\"datePublished\":\"2021-08-06T13:12:14+00:00\",\"dateModified\":\"2021-11-26T12:56:48+00:00\",\"description\":\"Vous recherchez une entreprise sp\u00e9cialis\u00e9e dans la collecte des d\u00e9chets ? Sartori Ambiente, aux c\u00f4t\u00e9s de l'environnement.\",\"inLanguage\":\"fr-FR\",\"potentialAction\":[{\"@type\":\"ReadAction\",\"target\":[\"https:\\\/\\\/sartori-ambiente.com\\\/fr\\\/contattaci\\\/\"]}]},{\"@type\":\"WebSite\",\"@id\":\"https:\\\/\\\/sartori-ambiente.com\\\/fr\\\/#website\",\"url\":\"https:\\\/\\\/sartori-ambiente.com\\\/fr\\\/\",\"name\":\"Sartori Ambiente\",\"description\":\"\",\"publisher\":{\"@id\":\"https:\\\/\\\/sartori-ambiente.com\\\/fr\\\/#organization\"},\"potentialAction\":[{\"@type\":\"SearchAction\",\"target\":{\"@type\":\"EntryPoint\",\"urlTemplate\":\"https:\\\/\\\/sartori-ambiente.com\\\/fr\\\/?s={search_term_string}\"},\"query-input\":{\"@type\":\"PropertyValueSpecification\",\"valueRequired\":true,\"valueName\":\"search_term_string\"}}],\"inLanguage\":\"fr-FR\"},{\"@type\":\"Organization\",\"@id\":\"https:\\\/\\\/sartori-ambiente.com\\\/fr\\\/#organization\",\"name\":\"Sartori Ambiente\",\"url\":\"https:\\\/\\\/sartori-ambiente.com\\\/fr\\\/\",\"logo\":{\"@type\":\"ImageObject\",\"inLanguage\":\"fr-FR\",\"@id\":\"https:\\\/\\\/sartori-ambiente.com\\\/fr\\\/#\\\/schema\\\/logo\\\/image\\\/\",\"url\":\"https:\\\/\\\/sartori-ambiente.com\\\/wp-content\\\/uploads\\\/2021\\\/09\\\/Sartori_Ambiente_logo.svg\",\"contentUrl\":\"https:\\\/\\\/sartori-ambiente.com\\\/wp-content\\\/uploads\\\/2021\\\/09\\\/Sartori_Ambiente_logo.svg\",\"width\":1,\"height\":1,\"caption\":\"Sartori Ambiente\"},\"image\":{\"@id\":\"https:\\\/\\\/sartori-ambiente.com\\\/fr\\\/#\\\/schema\\\/logo\\\/image\\\/\"}}]}<\/script>\n<!-- \/ Yoast SEO plugin. -->","yoast_head_json":{"title":"Contactez-nous | Sartori Ambiente","description":"Vous recherchez une entreprise sp\u00e9cialis\u00e9e dans la collecte des d\u00e9chets ? Sartori Ambiente, aux c\u00f4t\u00e9s de l'environnement.","robots":{"index":"index","follow":"follow","max-snippet":"max-snippet:-1","max-image-preview":"max-image-preview:large","max-video-preview":"max-video-preview:-1"},"canonical":"https:\/\/sartori-ambiente.com\/fr\/contattaci\/","og_locale":"fr_FR","og_type":"article","og_title":"Contactez-nous | Sartori Ambiente","og_description":"Vous recherchez une entreprise sp\u00e9cialis\u00e9e dans la collecte des d\u00e9chets ? Sartori Ambiente, aux c\u00f4t\u00e9s de l'environnement.","og_url":"https:\/\/sartori-ambiente.com\/fr\/contattaci\/","og_site_name":"Sartori Ambiente","article_modified_time":"2021-11-26T12:56:48+00:00","twitter_card":"summary_large_image","schema":{"@context":"https:\/\/schema.org","@graph":[{"@type":"WebPage","@id":"https:\/\/sartori-ambiente.com\/fr\/contattaci\/","url":"https:\/\/sartori-ambiente.com\/fr\/contattaci\/","name":"Contactez-nous | Sartori Ambiente","isPartOf":{"@id":"https:\/\/sartori-ambiente.com\/fr\/#website"},"datePublished":"2021-08-06T13:12:14+00:00","dateModified":"2021-11-26T12:56:48+00:00","description":"Vous recherchez une entreprise sp\u00e9cialis\u00e9e dans la collecte des d\u00e9chets ? Sartori Ambiente, aux c\u00f4t\u00e9s de l'environnement.","inLanguage":"fr-FR","potentialAction":[{"@type":"ReadAction","target":["https:\/\/sartori-ambiente.com\/fr\/contattaci\/"]}]},{"@type":"WebSite","@id":"https:\/\/sartori-ambiente.com\/fr\/#website","url":"https:\/\/sartori-ambiente.com\/fr\/","name":"Sartori Ambiente","description":"","publisher":{"@id":"https:\/\/sartori-ambiente.com\/fr\/#organization"},"potentialAction":[{"@type":"SearchAction","target":{"@type":"EntryPoint","urlTemplate":"https:\/\/sartori-ambiente.com\/fr\/?s={search_term_string}"},"query-input":{"@type":"PropertyValueSpecification","valueRequired":true,"valueName":"search_term_string"}}],"inLanguage":"fr-FR"},{"@type":"Organization","@id":"https:\/\/sartori-ambiente.com\/fr\/#organization","name":"Sartori Ambiente","url":"https:\/\/sartori-ambiente.com\/fr\/","logo":{"@type":"ImageObject","inLanguage":"fr-FR","@id":"https:\/\/sartori-ambiente.com\/fr\/#\/schema\/logo\/image\/","url":"https:\/\/sartori-ambiente.com\/wp-content\/uploads\/2021\/09\/Sartori_Ambiente_logo.svg","contentUrl":"https:\/\/sartori-ambiente.com\/wp-content\/uploads\/2021\/09\/Sartori_Ambiente_logo.svg","width":1,"height":1,"caption":"Sartori Ambiente"},"image":{"@id":"https:\/\/sartori-ambiente.com\/fr\/#\/schema\/logo\/image\/"}}]}},"_links":{"self":[{"href":"https:\/\/sartori-ambiente.com\/fr\/wp-json\/wp\/v2\/pages\/2866","targetHints":{"allow":["GET"]}}],"collection":[{"href":"https:\/\/sartori-ambiente.com\/fr\/wp-json\/wp\/v2\/pages"}],"about":[{"href":"https:\/\/sartori-ambiente.com\/fr\/wp-json\/wp\/v2\/types\/page"}],"author":[{"embeddable":true,"href":"https:\/\/sartori-ambiente.com\/fr\/wp-json\/wp\/v2\/users\/1"}],"replies":[{"embeddable":true,"href":"https:\/\/sartori-ambiente.com\/fr\/wp-json\/wp\/v2\/comments?post=2866"}],"version-history":[{"count":0,"href":"https:\/\/sartori-ambiente.com\/fr\/wp-json\/wp\/v2\/pages\/2866\/revisions"}],"wp:attachment":[{"href":"https:\/\/sartori-ambiente.com\/fr\/wp-json\/wp\/v2\/media?parent=2866"}],"curies":[{"name":"wp","href":"https:\/\/api.w.org\/{rel}","templated":true}]}}