{"id":4792,"date":"2022-05-09T10:22:33","date_gmt":"2022-05-09T08:22:33","guid":{"rendered":"https:\/\/sartori-ambiente.hgblu.dev\/gruppo-pietro-fiorentini\/"},"modified":"2022-05-26T10:17:31","modified_gmt":"2022-05-26T08:17:31","slug":"groupe-pietro-fiorentini","status":"publish","type":"page","link":"https:\/\/sartori-ambiente.com\/fr\/groupe-pietro-fiorentini\/","title":{"rendered":"Groupe Pietro Fiorentini"},"content":{"rendered":"<p>Le Groupe Pietro Fiorentini, l&#8217;une des plus grandes entreprises industrielles du nord-est de l&#8217;Italie, a son si\u00e8ge \u00e0 Arcugnano-Vicence\u00a0; elle atteint ses objectifs industriels gr\u00e2ce \u00e0 une large gamme de solutions technologiquement avanc\u00e9es \u00e0 travers toute la <strong>cha\u00eene d&#8217;approvisionnement du gaz naturel<\/strong>.<\/p>\n<p>L&#8217;entreprise a \u00e9galement r\u00e9alis\u00e9 de nombreux projets li\u00e9s aux <strong>sources d&#8217;\u00e9nergie renouvelables<\/strong> &#8211; biom\u00e9thane, hydrog\u00e8ne, power-to-gas &#8211; et a r\u00e9cemment \u00e9tendu ses horizons commerciaux au <strong>cycle de l&#8217;eau<\/strong> et au <strong>secteur environnemental<\/strong>.<\/p>\n<p>Le Groupe compte une trentaine de sites de production et de commercialisation en Italie et \u00e0 l&#8217;\u00e9tranger, et emploie <strong>plus de 2\u00a0400 travailleurs dans le monde<\/strong>, pour un chiffre d&#8217;affaires consolid\u00e9 de <strong>466 millions d&#8217;euros<\/strong> en 2021.<\/p>\n<p>La coop\u00e9ration avec le Groupe Pietro Fiorentini compl\u00e8te nos solutions dans les deux domaines strat\u00e9giques suivants\u00a0:<\/p>\n<p><strong>Num\u00e9risation de la gestion des d\u00e9chets\u00a0:<\/strong><\/p>\n<ul>\n<li>Collecte des donn\u00e9es et leur gestion compl\u00e8te avec la tarification incitative<\/li>\n<li>Application compl\u00e8te pour tous les citoyens<\/li>\n<li>Gestion facilit\u00e9e pour les administrations<\/li>\n<\/ul>\n<p>&nbsp;<\/p>\n<p><strong>Biogaz issu de d\u00e9chets organiques\u00a0:<\/strong><\/p>\n<ul>\n<li>Collecte toujours plus diffuse des d\u00e9chets organiques de qualit\u00e9<\/li>\n<li>Fourniture aux usines de biom\u00e9thane construites par le Groupe Pietro Fiorentini<\/li>\n<\/ul>\n<p>Une contribution importante, qui nous renforce en tant que partenaire des municipalit\u00e9s italiennes dans le d\u00e9fi lanc\u00e9 par le PNRR (Plan National pour la Reprise et la R\u00e9silience) sur la collecte s\u00e9lective des d\u00e9chets, et nous soutient dans la croissance culturelle et dans le d\u00e9veloppement de l&#8217;\u00e9conomie circulaire.<\/p>\n","protected":false},"excerpt":{"rendered":"<p>Le Groupe Pietro Fiorentini, l&#8217;une des plus grandes entreprises industrielles du nord-est de l&#8217;Italie, a son si\u00e8ge \u00e0 Arcugnano-Vicence\u00a0; elle atteint ses objectifs industriels gr\u00e2ce \u00e0 une large gamme de solutions technologiquement avanc\u00e9es \u00e0 travers toute la cha\u00eene d&#8217;approvisionnement du gaz naturel. L&#8217;entreprise a \u00e9galement r\u00e9alis\u00e9 de nombreux projets li\u00e9s aux sources d&#8217;\u00e9nergie renouvelables &#8211; [&hellip;]<\/p>\n","protected":false},"author":1,"featured_media":4750,"parent":0,"menu_order":14,"comment_status":"closed","ping_status":"closed","template":"template-azienda.php","meta":{"_acf_changed":false,"footnotes":""},"class_list":["post-4792","page","type-page","status-publish","has-post-thumbnail","hentry"],"acf":[],"yoast_head":"<!-- This site is optimized with the Yoast SEO plugin v27.3 - https:\/\/yoast.com\/product\/yoast-seo-wordpress\/ -->\n<title>Groupe Pietro Fiorentini | Sartori Ambiente<\/title>\n<meta name=\"robots\" content=\"index, follow, max-snippet:-1, max-image-preview:large, max-video-preview:-1\" \/>\n<link rel=\"canonical\" href=\"https:\/\/sartori-ambiente.com\/fr\/groupe-pietro-fiorentini\/\" \/>\n<meta property=\"og:locale\" content=\"fr_FR\" \/>\n<meta property=\"og:type\" content=\"article\" \/>\n<meta property=\"og:title\" content=\"Groupe Pietro Fiorentini | Sartori Ambiente\" \/>\n<meta property=\"og:description\" content=\"Le Groupe Pietro Fiorentini, l&#8217;une des plus grandes entreprises industrielles du nord-est de l&#8217;Italie, a son si\u00e8ge \u00e0 Arcugnano-Vicence\u00a0; elle atteint ses objectifs industriels gr\u00e2ce \u00e0 une large gamme de solutions technologiquement avanc\u00e9es \u00e0 travers toute la cha\u00eene d&#8217;approvisionnement du gaz naturel. L&#8217;entreprise a \u00e9galement r\u00e9alis\u00e9 de nombreux projets li\u00e9s aux sources d&#8217;\u00e9nergie renouvelables &#8211; [&hellip;]\" \/>\n<meta property=\"og:url\" content=\"https:\/\/sartori-ambiente.com\/fr\/groupe-pietro-fiorentini\/\" \/>\n<meta property=\"og:site_name\" content=\"Sartori Ambiente\" \/>\n<meta property=\"article:modified_time\" content=\"2022-05-26T08:17:31+00:00\" \/>\n<meta property=\"og:image\" content=\"https:\/\/sartori-ambiente.com\/wp-content\/uploads\/2022\/05\/GruppoPF_pp.jpg\" \/>\n\t<meta property=\"og:image:width\" content=\"800\" \/>\n\t<meta property=\"og:image:height\" content=\"800\" \/>\n\t<meta property=\"og:image:type\" content=\"image\/jpeg\" \/>\n<meta name=\"twitter:card\" content=\"summary_large_image\" \/>\n<meta name=\"twitter:label1\" content=\"Dur\u00e9e de lecture estim\u00e9e\" \/>\n\t<meta name=\"twitter:data1\" content=\"2 minutes\" \/>\n<script type=\"application\/ld+json\" class=\"yoast-schema-graph\">{\"@context\":\"https:\\\/\\\/schema.org\",\"@graph\":[{\"@type\":\"WebPage\",\"@id\":\"https:\\\/\\\/sartori-ambiente.com\\\/fr\\\/groupe-pietro-fiorentini\\\/\",\"url\":\"https:\\\/\\\/sartori-ambiente.com\\\/fr\\\/groupe-pietro-fiorentini\\\/\",\"name\":\"Groupe Pietro Fiorentini | Sartori Ambiente\",\"isPartOf\":{\"@id\":\"https:\\\/\\\/sartori-ambiente.com\\\/fr\\\/#website\"},\"primaryImageOfPage\":{\"@id\":\"https:\\\/\\\/sartori-ambiente.com\\\/fr\\\/groupe-pietro-fiorentini\\\/#primaryimage\"},\"image\":{\"@id\":\"https:\\\/\\\/sartori-ambiente.com\\\/fr\\\/groupe-pietro-fiorentini\\\/#primaryimage\"},\"thumbnailUrl\":\"https:\\\/\\\/sartori-ambiente.com\\\/wp-content\\\/uploads\\\/2022\\\/05\\\/GruppoPF_pp.jpg\",\"datePublished\":\"2022-05-09T08:22:33+00:00\",\"dateModified\":\"2022-05-26T08:17:31+00:00\",\"inLanguage\":\"fr-FR\",\"potentialAction\":[{\"@type\":\"ReadAction\",\"target\":[\"https:\\\/\\\/sartori-ambiente.com\\\/fr\\\/groupe-pietro-fiorentini\\\/\"]}]},{\"@type\":\"ImageObject\",\"inLanguage\":\"fr-FR\",\"@id\":\"https:\\\/\\\/sartori-ambiente.com\\\/fr\\\/groupe-pietro-fiorentini\\\/#primaryimage\",\"url\":\"https:\\\/\\\/sartori-ambiente.com\\\/wp-content\\\/uploads\\\/2022\\\/05\\\/GruppoPF_pp.jpg\",\"contentUrl\":\"https:\\\/\\\/sartori-ambiente.com\\\/wp-content\\\/uploads\\\/2022\\\/05\\\/GruppoPF_pp.jpg\",\"width\":800,\"height\":800},{\"@type\":\"WebSite\",\"@id\":\"https:\\\/\\\/sartori-ambiente.com\\\/fr\\\/#website\",\"url\":\"https:\\\/\\\/sartori-ambiente.com\\\/fr\\\/\",\"name\":\"Sartori Ambiente\",\"description\":\"\",\"publisher\":{\"@id\":\"https:\\\/\\\/sartori-ambiente.com\\\/fr\\\/#organization\"},\"potentialAction\":[{\"@type\":\"SearchAction\",\"target\":{\"@type\":\"EntryPoint\",\"urlTemplate\":\"https:\\\/\\\/sartori-ambiente.com\\\/fr\\\/?s={search_term_string}\"},\"query-input\":{\"@type\":\"PropertyValueSpecification\",\"valueRequired\":true,\"valueName\":\"search_term_string\"}}],\"inLanguage\":\"fr-FR\"},{\"@type\":\"Organization\",\"@id\":\"https:\\\/\\\/sartori-ambiente.com\\\/fr\\\/#organization\",\"name\":\"Sartori Ambiente\",\"url\":\"https:\\\/\\\/sartori-ambiente.com\\\/fr\\\/\",\"logo\":{\"@type\":\"ImageObject\",\"inLanguage\":\"fr-FR\",\"@id\":\"https:\\\/\\\/sartori-ambiente.com\\\/fr\\\/#\\\/schema\\\/logo\\\/image\\\/\",\"url\":\"https:\\\/\\\/sartori-ambiente.com\\\/wp-content\\\/uploads\\\/2021\\\/09\\\/Sartori_Ambiente_logo.svg\",\"contentUrl\":\"https:\\\/\\\/sartori-ambiente.com\\\/wp-content\\\/uploads\\\/2021\\\/09\\\/Sartori_Ambiente_logo.svg\",\"width\":1,\"height\":1,\"caption\":\"Sartori Ambiente\"},\"image\":{\"@id\":\"https:\\\/\\\/sartori-ambiente.com\\\/fr\\\/#\\\/schema\\\/logo\\\/image\\\/\"}}]}<\/script>\n<!-- \/ Yoast SEO plugin. -->","yoast_head_json":{"title":"Groupe Pietro Fiorentini | Sartori Ambiente","robots":{"index":"index","follow":"follow","max-snippet":"max-snippet:-1","max-image-preview":"max-image-preview:large","max-video-preview":"max-video-preview:-1"},"canonical":"https:\/\/sartori-ambiente.com\/fr\/groupe-pietro-fiorentini\/","og_locale":"fr_FR","og_type":"article","og_title":"Groupe Pietro Fiorentini | Sartori Ambiente","og_description":"Le Groupe Pietro Fiorentini, l&#8217;une des plus grandes entreprises industrielles du nord-est de l&#8217;Italie, a son si\u00e8ge \u00e0 Arcugnano-Vicence\u00a0; elle atteint ses objectifs industriels gr\u00e2ce \u00e0 une large gamme de solutions technologiquement avanc\u00e9es \u00e0 travers toute la cha\u00eene d&#8217;approvisionnement du gaz naturel. L&#8217;entreprise a \u00e9galement r\u00e9alis\u00e9 de nombreux projets li\u00e9s aux sources d&#8217;\u00e9nergie renouvelables &#8211; [&hellip;]","og_url":"https:\/\/sartori-ambiente.com\/fr\/groupe-pietro-fiorentini\/","og_site_name":"Sartori Ambiente","article_modified_time":"2022-05-26T08:17:31+00:00","og_image":[{"width":800,"height":800,"url":"https:\/\/sartori-ambiente.com\/wp-content\/uploads\/2022\/05\/GruppoPF_pp.jpg","type":"image\/jpeg"}],"twitter_card":"summary_large_image","twitter_misc":{"Dur\u00e9e de lecture estim\u00e9e":"2 minutes"},"schema":{"@context":"https:\/\/schema.org","@graph":[{"@type":"WebPage","@id":"https:\/\/sartori-ambiente.com\/fr\/groupe-pietro-fiorentini\/","url":"https:\/\/sartori-ambiente.com\/fr\/groupe-pietro-fiorentini\/","name":"Groupe Pietro Fiorentini | Sartori Ambiente","isPartOf":{"@id":"https:\/\/sartori-ambiente.com\/fr\/#website"},"primaryImageOfPage":{"@id":"https:\/\/sartori-ambiente.com\/fr\/groupe-pietro-fiorentini\/#primaryimage"},"image":{"@id":"https:\/\/sartori-ambiente.com\/fr\/groupe-pietro-fiorentini\/#primaryimage"},"thumbnailUrl":"https:\/\/sartori-ambiente.com\/wp-content\/uploads\/2022\/05\/GruppoPF_pp.jpg","datePublished":"2022-05-09T08:22:33+00:00","dateModified":"2022-05-26T08:17:31+00:00","inLanguage":"fr-FR","potentialAction":[{"@type":"ReadAction","target":["https:\/\/sartori-ambiente.com\/fr\/groupe-pietro-fiorentini\/"]}]},{"@type":"ImageObject","inLanguage":"fr-FR","@id":"https:\/\/sartori-ambiente.com\/fr\/groupe-pietro-fiorentini\/#primaryimage","url":"https:\/\/sartori-ambiente.com\/wp-content\/uploads\/2022\/05\/GruppoPF_pp.jpg","contentUrl":"https:\/\/sartori-ambiente.com\/wp-content\/uploads\/2022\/05\/GruppoPF_pp.jpg","width":800,"height":800},{"@type":"WebSite","@id":"https:\/\/sartori-ambiente.com\/fr\/#website","url":"https:\/\/sartori-ambiente.com\/fr\/","name":"Sartori Ambiente","description":"","publisher":{"@id":"https:\/\/sartori-ambiente.com\/fr\/#organization"},"potentialAction":[{"@type":"SearchAction","target":{"@type":"EntryPoint","urlTemplate":"https:\/\/sartori-ambiente.com\/fr\/?s={search_term_string}"},"query-input":{"@type":"PropertyValueSpecification","valueRequired":true,"valueName":"search_term_string"}}],"inLanguage":"fr-FR"},{"@type":"Organization","@id":"https:\/\/sartori-ambiente.com\/fr\/#organization","name":"Sartori Ambiente","url":"https:\/\/sartori-ambiente.com\/fr\/","logo":{"@type":"ImageObject","inLanguage":"fr-FR","@id":"https:\/\/sartori-ambiente.com\/fr\/#\/schema\/logo\/image\/","url":"https:\/\/sartori-ambiente.com\/wp-content\/uploads\/2021\/09\/Sartori_Ambiente_logo.svg","contentUrl":"https:\/\/sartori-ambiente.com\/wp-content\/uploads\/2021\/09\/Sartori_Ambiente_logo.svg","width":1,"height":1,"caption":"Sartori Ambiente"},"image":{"@id":"https:\/\/sartori-ambiente.com\/fr\/#\/schema\/logo\/image\/"}}]}},"_links":{"self":[{"href":"https:\/\/sartori-ambiente.com\/fr\/wp-json\/wp\/v2\/pages\/4792","targetHints":{"allow":["GET"]}}],"collection":[{"href":"https:\/\/sartori-ambiente.com\/fr\/wp-json\/wp\/v2\/pages"}],"about":[{"href":"https:\/\/sartori-ambiente.com\/fr\/wp-json\/wp\/v2\/types\/page"}],"author":[{"embeddable":true,"href":"https:\/\/sartori-ambiente.com\/fr\/wp-json\/wp\/v2\/users\/1"}],"replies":[{"embeddable":true,"href":"https:\/\/sartori-ambiente.com\/fr\/wp-json\/wp\/v2\/comments?post=4792"}],"version-history":[{"count":0,"href":"https:\/\/sartori-ambiente.com\/fr\/wp-json\/wp\/v2\/pages\/4792\/revisions"}],"wp:featuredmedia":[{"embeddable":true,"href":"https:\/\/sartori-ambiente.com\/fr\/wp-json\/wp\/v2\/media\/4750"}],"wp:attachment":[{"href":"https:\/\/sartori-ambiente.com\/fr\/wp-json\/wp\/v2\/media?parent=4792"}],"curies":[{"name":"wp","href":"https:\/\/api.w.org\/{rel}","templated":true}]}}