{"id":5499,"date":"2022-09-17T18:03:40","date_gmt":"2022-09-17T16:03:40","guid":{"rendered":"https:\/\/sartori-ambiente.com\/?page_id=5499"},"modified":"2023-01-09T16:43:20","modified_gmt":"2023-01-09T15:43:20","slug":"digital-composting","status":"publish","type":"page","link":"https:\/\/sartori-ambiente.com\/fr\/digital-composting\/","title":{"rendered":"Digital composting"},"content":{"rendered":"<div class=\"content\">\n<div class=\"container\">\n<div class=\"row\">\n<div class=\"col-lg-7\">\n<h2>Acc\u00e8s<\/h2>\n<p style=\"text-align: left;\">T\u00e9l\u00e9chargez l&rsquo;application Junker\u00a0pour <a class=\"\" href=\"https:\/\/apps.apple.com\/it\/app\/junker-raccolta-differenziata\/id982194860\" target=\"_blank\" rel=\"noopener\">iOS<\/a>,\u00a0<a class=\"\" href=\"https:\/\/play.google.com\/store\/apps\/details?id=it.giunko.junker&amp;hl=it&amp;gl=US\" target=\"_blank\" rel=\"noopener\">Android<\/a>, ou <a class=\"\" href=\"https:\/\/appgallery.huawei.com\/#\/app\/C100092045\" target=\"_blank\" rel=\"noopener\">Huawei<\/a> et activez les services de compostage num\u00e9rique.<\/p>\n<p style=\"text-align: left;\">Renseignez-vous dans le menu \u00ab\u00a0<strong>Services<\/strong>\u00a0\u00bb et scannez le <strong>QR Code<\/strong> de votre composteur.<\/p>\n<h2>Composteur<\/h2>\n<p>Le\u00a0compost\u00a0permet de g\u00e9rer activement les tontes de jardin, les d\u00e9chets v\u00e9g\u00e9taux, les restes de nourriture produits quotidiennement.<\/p>\n<h2><strong>APP Junker \u2013 Prestations de service<\/strong><\/h2>\n<p>La gestion des\u00a0d\u00e9chets organiques compostables\u00a0est encore plus efficace et simple gr\u00e2ce \u00e0 l&rsquo;application Junker.<\/p>\n<p>Avec l&rsquo;application, il sera possible d&rsquo;acc\u00e9der aux\u00a0instructions de montage, \u00e9vitant ainsi l&rsquo;utilisation de papier imprim\u00e9.<\/p>\n<p>De plus, il est possible de consulter le\u00a0guide\u00a0pour un bon compostage et une liste des principales r\u00e8gles \u00e0 suivre pour un bon compostage.<\/p>\n<p>Enfin &#8211; si la Municipalit\u00e9 a adh\u00e9r\u00e9 &#8211; il sera possible d&rsquo;entrer dans la zone d\u00e9di\u00e9e du registre de compost.<\/p>\n<div class=\"row\">\n<div class=\"col\"><a href=\"https:\/\/apps.apple.com\/it\/app\/junker-raccolta-differenziata\/id982194860\"><img loading=\"lazy\" decoding=\"async\" class=\"alignnone size-medium wp-image-5612\" src=\"https:\/\/sartori-ambiente.com\/wp-content\/uploads\/2022\/09\/DL-IOS-300x107.png\" alt=\"\" width=\"300\" height=\"107\" srcset=\"https:\/\/sartori-ambiente.com\/wp-content\/uploads\/2022\/09\/DL-IOS-300x107.png 300w, https:\/\/sartori-ambiente.com\/wp-content\/uploads\/2022\/09\/DL-IOS.png 370w\" sizes=\"auto, (max-width: 300px) 100vw, 300px\" \/><\/a><\/div>\n<div class=\"col\"><a href=\"https:\/\/play.google.com\/store\/apps\/details?id=it.giunko.junker&amp;hl=it&amp;gl=US\"><img loading=\"lazy\" decoding=\"async\" class=\"alignnone size-medium wp-image-5616\" src=\"https:\/\/sartori-ambiente.com\/wp-content\/uploads\/2022\/09\/DL-A-1-300x107.png\" alt=\"\" width=\"300\" height=\"107\" \/><\/a><\/div>\n<div class=\"col\"><a href=\"https:\/\/appgallery.huawei.com\/#\/app\/C100092045\"><img loading=\"lazy\" decoding=\"async\" class=\"alignnone size-medium wp-image-5620\" src=\"https:\/\/sartori-ambiente.com\/wp-content\/uploads\/2022\/09\/DL-H-300x107.png\" alt=\"\" width=\"300\" height=\"107\" srcset=\"https:\/\/sartori-ambiente.com\/wp-content\/uploads\/2022\/09\/DL-H-300x107.png 300w, https:\/\/sartori-ambiente.com\/wp-content\/uploads\/2022\/09\/DL-H.png 370w\" sizes=\"auto, (max-width: 300px) 100vw, 300px\" \/><\/a><\/div>\n<\/div>\n<\/div>\n<\/div>\n<\/div>\n<\/div>\n<p>&nbsp;<\/p>\n","protected":false},"excerpt":{"rendered":"<p>Acc\u00e8s T\u00e9l\u00e9chargez l&rsquo;application Junker\u00a0pour iOS,\u00a0Android, ou Huawei et activez les services de compostage num\u00e9rique. Renseignez-vous dans le menu \u00ab\u00a0Services\u00a0\u00bb et scannez le QR Code de votre composteur. Composteur Le\u00a0compost\u00a0permet de g\u00e9rer activement les tontes de jardin, les d\u00e9chets v\u00e9g\u00e9taux, les restes de nourriture produits quotidiennement. APP Junker \u2013 Prestations de service La gestion des\u00a0d\u00e9chets organiques [&hellip;]<\/p>\n","protected":false},"author":1,"featured_media":0,"parent":0,"menu_order":12,"comment_status":"closed","ping_status":"closed","template":"","meta":{"_acf_changed":false,"footnotes":""},"class_list":["post-5499","page","type-page","status-publish","hentry"],"acf":[],"yoast_head":"<!-- This site is optimized with the Yoast SEO plugin v27.5 - https:\/\/yoast.com\/product\/yoast-seo-wordpress\/ -->\n<title>Digital composting | Sartori Ambiente<\/title>\n<meta name=\"robots\" content=\"index, follow, max-snippet:-1, max-image-preview:large, max-video-preview:-1\" \/>\n<link rel=\"canonical\" href=\"https:\/\/sartori-ambiente.com\/fr\/digital-composting\/\" \/>\n<meta property=\"og:locale\" content=\"fr_FR\" \/>\n<meta property=\"og:type\" content=\"article\" \/>\n<meta property=\"og:title\" content=\"Digital composting | Sartori Ambiente\" \/>\n<meta property=\"og:description\" content=\"Acc\u00e8s T\u00e9l\u00e9chargez l&rsquo;application Junker\u00a0pour iOS,\u00a0Android, ou Huawei et activez les services de compostage num\u00e9rique. Renseignez-vous dans le menu \u00ab\u00a0Services\u00a0\u00bb et scannez le QR Code de votre composteur. Composteur Le\u00a0compost\u00a0permet de g\u00e9rer activement les tontes de jardin, les d\u00e9chets v\u00e9g\u00e9taux, les restes de nourriture produits quotidiennement. APP Junker \u2013 Prestations de service La gestion des\u00a0d\u00e9chets organiques [&hellip;]\" \/>\n<meta property=\"og:url\" content=\"https:\/\/sartori-ambiente.com\/fr\/digital-composting\/\" \/>\n<meta property=\"og:site_name\" content=\"Sartori Ambiente\" \/>\n<meta property=\"article:modified_time\" content=\"2023-01-09T15:43:20+00:00\" \/>\n<meta property=\"og:image\" content=\"https:\/\/sartori-ambiente.com\/wp-content\/uploads\/2022\/09\/DL-IOS-300x107.png\" \/>\n<meta name=\"twitter:card\" content=\"summary_large_image\" \/>\n<meta name=\"twitter:label1\" content=\"Dur\u00e9e de lecture estim\u00e9e\" \/>\n\t<meta name=\"twitter:data1\" content=\"2 minutes\" \/>\n<script type=\"application\/ld+json\" class=\"yoast-schema-graph\">{\"@context\":\"https:\\\/\\\/schema.org\",\"@graph\":[{\"@type\":\"WebPage\",\"@id\":\"https:\\\/\\\/sartori-ambiente.com\\\/fr\\\/digital-composting\\\/\",\"url\":\"https:\\\/\\\/sartori-ambiente.com\\\/fr\\\/digital-composting\\\/\",\"name\":\"Digital composting | Sartori Ambiente\",\"isPartOf\":{\"@id\":\"https:\\\/\\\/sartori-ambiente.com\\\/fr\\\/#website\"},\"primaryImageOfPage\":{\"@id\":\"https:\\\/\\\/sartori-ambiente.com\\\/fr\\\/digital-composting\\\/#primaryimage\"},\"image\":{\"@id\":\"https:\\\/\\\/sartori-ambiente.com\\\/fr\\\/digital-composting\\\/#primaryimage\"},\"thumbnailUrl\":\"https:\\\/\\\/sartori-ambiente.com\\\/wp-content\\\/uploads\\\/2022\\\/09\\\/DL-IOS-300x107.png\",\"datePublished\":\"2022-09-17T16:03:40+00:00\",\"dateModified\":\"2023-01-09T15:43:20+00:00\",\"inLanguage\":\"fr-FR\",\"potentialAction\":[{\"@type\":\"ReadAction\",\"target\":[\"https:\\\/\\\/sartori-ambiente.com\\\/fr\\\/digital-composting\\\/\"]}]},{\"@type\":\"ImageObject\",\"inLanguage\":\"fr-FR\",\"@id\":\"https:\\\/\\\/sartori-ambiente.com\\\/fr\\\/digital-composting\\\/#primaryimage\",\"url\":\"https:\\\/\\\/sartori-ambiente.com\\\/wp-content\\\/uploads\\\/2022\\\/09\\\/DL-IOS-300x107.png\",\"contentUrl\":\"https:\\\/\\\/sartori-ambiente.com\\\/wp-content\\\/uploads\\\/2022\\\/09\\\/DL-IOS-300x107.png\"},{\"@type\":\"WebSite\",\"@id\":\"https:\\\/\\\/sartori-ambiente.com\\\/fr\\\/#website\",\"url\":\"https:\\\/\\\/sartori-ambiente.com\\\/fr\\\/\",\"name\":\"Sartori Ambiente\",\"description\":\"\",\"publisher\":{\"@id\":\"https:\\\/\\\/sartori-ambiente.com\\\/fr\\\/#organization\"},\"potentialAction\":[{\"@type\":\"SearchAction\",\"target\":{\"@type\":\"EntryPoint\",\"urlTemplate\":\"https:\\\/\\\/sartori-ambiente.com\\\/fr\\\/?s={search_term_string}\"},\"query-input\":{\"@type\":\"PropertyValueSpecification\",\"valueRequired\":true,\"valueName\":\"search_term_string\"}}],\"inLanguage\":\"fr-FR\"},{\"@type\":\"Organization\",\"@id\":\"https:\\\/\\\/sartori-ambiente.com\\\/fr\\\/#organization\",\"name\":\"Sartori Ambiente\",\"url\":\"https:\\\/\\\/sartori-ambiente.com\\\/fr\\\/\",\"logo\":{\"@type\":\"ImageObject\",\"inLanguage\":\"fr-FR\",\"@id\":\"https:\\\/\\\/sartori-ambiente.com\\\/fr\\\/#\\\/schema\\\/logo\\\/image\\\/\",\"url\":\"https:\\\/\\\/sartori-ambiente.com\\\/wp-content\\\/uploads\\\/2021\\\/09\\\/Sartori_Ambiente_logo.svg\",\"contentUrl\":\"https:\\\/\\\/sartori-ambiente.com\\\/wp-content\\\/uploads\\\/2021\\\/09\\\/Sartori_Ambiente_logo.svg\",\"width\":1,\"height\":1,\"caption\":\"Sartori Ambiente\"},\"image\":{\"@id\":\"https:\\\/\\\/sartori-ambiente.com\\\/fr\\\/#\\\/schema\\\/logo\\\/image\\\/\"}}]}<\/script>\n<!-- \/ Yoast SEO plugin. -->","yoast_head_json":{"title":"Digital composting | Sartori Ambiente","robots":{"index":"index","follow":"follow","max-snippet":"max-snippet:-1","max-image-preview":"max-image-preview:large","max-video-preview":"max-video-preview:-1"},"canonical":"https:\/\/sartori-ambiente.com\/fr\/digital-composting\/","og_locale":"fr_FR","og_type":"article","og_title":"Digital composting | Sartori Ambiente","og_description":"Acc\u00e8s T\u00e9l\u00e9chargez l&rsquo;application Junker\u00a0pour iOS,\u00a0Android, ou Huawei et activez les services de compostage num\u00e9rique. Renseignez-vous dans le menu \u00ab\u00a0Services\u00a0\u00bb et scannez le QR Code de votre composteur. Composteur Le\u00a0compost\u00a0permet de g\u00e9rer activement les tontes de jardin, les d\u00e9chets v\u00e9g\u00e9taux, les restes de nourriture produits quotidiennement. APP Junker \u2013 Prestations de service La gestion des\u00a0d\u00e9chets organiques [&hellip;]","og_url":"https:\/\/sartori-ambiente.com\/fr\/digital-composting\/","og_site_name":"Sartori Ambiente","article_modified_time":"2023-01-09T15:43:20+00:00","og_image":[{"url":"https:\/\/sartori-ambiente.com\/wp-content\/uploads\/2022\/09\/DL-IOS-300x107.png","type":"","width":"","height":""}],"twitter_card":"summary_large_image","twitter_misc":{"Dur\u00e9e de lecture estim\u00e9e":"2 minutes"},"schema":{"@context":"https:\/\/schema.org","@graph":[{"@type":"WebPage","@id":"https:\/\/sartori-ambiente.com\/fr\/digital-composting\/","url":"https:\/\/sartori-ambiente.com\/fr\/digital-composting\/","name":"Digital composting | Sartori Ambiente","isPartOf":{"@id":"https:\/\/sartori-ambiente.com\/fr\/#website"},"primaryImageOfPage":{"@id":"https:\/\/sartori-ambiente.com\/fr\/digital-composting\/#primaryimage"},"image":{"@id":"https:\/\/sartori-ambiente.com\/fr\/digital-composting\/#primaryimage"},"thumbnailUrl":"https:\/\/sartori-ambiente.com\/wp-content\/uploads\/2022\/09\/DL-IOS-300x107.png","datePublished":"2022-09-17T16:03:40+00:00","dateModified":"2023-01-09T15:43:20+00:00","inLanguage":"fr-FR","potentialAction":[{"@type":"ReadAction","target":["https:\/\/sartori-ambiente.com\/fr\/digital-composting\/"]}]},{"@type":"ImageObject","inLanguage":"fr-FR","@id":"https:\/\/sartori-ambiente.com\/fr\/digital-composting\/#primaryimage","url":"https:\/\/sartori-ambiente.com\/wp-content\/uploads\/2022\/09\/DL-IOS-300x107.png","contentUrl":"https:\/\/sartori-ambiente.com\/wp-content\/uploads\/2022\/09\/DL-IOS-300x107.png"},{"@type":"WebSite","@id":"https:\/\/sartori-ambiente.com\/fr\/#website","url":"https:\/\/sartori-ambiente.com\/fr\/","name":"Sartori Ambiente","description":"","publisher":{"@id":"https:\/\/sartori-ambiente.com\/fr\/#organization"},"potentialAction":[{"@type":"SearchAction","target":{"@type":"EntryPoint","urlTemplate":"https:\/\/sartori-ambiente.com\/fr\/?s={search_term_string}"},"query-input":{"@type":"PropertyValueSpecification","valueRequired":true,"valueName":"search_term_string"}}],"inLanguage":"fr-FR"},{"@type":"Organization","@id":"https:\/\/sartori-ambiente.com\/fr\/#organization","name":"Sartori Ambiente","url":"https:\/\/sartori-ambiente.com\/fr\/","logo":{"@type":"ImageObject","inLanguage":"fr-FR","@id":"https:\/\/sartori-ambiente.com\/fr\/#\/schema\/logo\/image\/","url":"https:\/\/sartori-ambiente.com\/wp-content\/uploads\/2021\/09\/Sartori_Ambiente_logo.svg","contentUrl":"https:\/\/sartori-ambiente.com\/wp-content\/uploads\/2021\/09\/Sartori_Ambiente_logo.svg","width":1,"height":1,"caption":"Sartori Ambiente"},"image":{"@id":"https:\/\/sartori-ambiente.com\/fr\/#\/schema\/logo\/image\/"}}]}},"_links":{"self":[{"href":"https:\/\/sartori-ambiente.com\/fr\/wp-json\/wp\/v2\/pages\/5499","targetHints":{"allow":["GET"]}}],"collection":[{"href":"https:\/\/sartori-ambiente.com\/fr\/wp-json\/wp\/v2\/pages"}],"about":[{"href":"https:\/\/sartori-ambiente.com\/fr\/wp-json\/wp\/v2\/types\/page"}],"author":[{"embeddable":true,"href":"https:\/\/sartori-ambiente.com\/fr\/wp-json\/wp\/v2\/users\/1"}],"replies":[{"embeddable":true,"href":"https:\/\/sartori-ambiente.com\/fr\/wp-json\/wp\/v2\/comments?post=5499"}],"version-history":[{"count":0,"href":"https:\/\/sartori-ambiente.com\/fr\/wp-json\/wp\/v2\/pages\/5499\/revisions"}],"wp:attachment":[{"href":"https:\/\/sartori-ambiente.com\/fr\/wp-json\/wp\/v2\/media?parent=5499"}],"curies":[{"name":"wp","href":"https:\/\/api.w.org\/{rel}","templated":true}]}}