{"id":8447,"date":"2024-05-10T10:58:21","date_gmt":"2024-05-10T08:58:21","guid":{"rendered":"https:\/\/sartori-ambiente.hgblu.dev\/manifesto-etico\/"},"modified":"2024-07-02T12:09:42","modified_gmt":"2024-07-02T10:09:42","slug":"manifeste","status":"publish","type":"page","link":"https:\/\/sartori-ambiente.com\/fr\/manifeste\/","title":{"rendered":"Manifeste"},"content":{"rendered":"<p style=\"text-align: left;\">Nous avons une histoire bas\u00e9e sur des valeurs, des choix et des actions coh\u00e9rentes.<br \/>\nNous avons toujours \u00e9t\u00e9 inspir\u00e9s par une s\u00e9rie de principes \u00e9thiques sur lesquels nous basons notre quotidien, nos projets et nos relations professionnelles.<br \/>\nNous les avons rassembl\u00e9s dans notre Manifeste, qui confirme qui nous sommes et comment nous percevons notre travail.<\/p>\n","protected":false},"excerpt":{"rendered":"<p>Nous avons une histoire bas\u00e9e sur des valeurs, des choix et des actions coh\u00e9rentes. Nous avons toujours \u00e9t\u00e9 inspir\u00e9s par une s\u00e9rie de principes \u00e9thiques sur lesquels nous basons notre quotidien, nos projets et nos relations professionnelles. Nous les avons rassembl\u00e9s dans notre Manifeste, qui confirme qui nous sommes et comment nous percevons notre travail.<\/p>\n","protected":false},"author":1,"featured_media":0,"parent":0,"menu_order":4,"comment_status":"closed","ping_status":"closed","template":"template-manifesto.php","meta":{"_acf_changed":false,"footnotes":""},"class_list":["post-8447","page","type-page","status-publish","hentry"],"acf":[],"yoast_head":"<!-- This site is optimized with the Yoast SEO plugin v27.4 - https:\/\/yoast.com\/product\/yoast-seo-wordpress\/ -->\n<title>Manifeste | Sartori Ambiente<\/title>\n<meta name=\"robots\" content=\"index, follow, max-snippet:-1, max-image-preview:large, max-video-preview:-1\" \/>\n<link rel=\"canonical\" href=\"https:\/\/sartori-ambiente.com\/fr\/manifeste\/\" \/>\n<meta property=\"og:locale\" content=\"fr_FR\" \/>\n<meta property=\"og:type\" content=\"article\" \/>\n<meta property=\"og:title\" content=\"Manifeste | Sartori Ambiente\" \/>\n<meta property=\"og:description\" content=\"Nous avons une histoire bas\u00e9e sur des valeurs, des choix et des actions coh\u00e9rentes. Nous avons toujours \u00e9t\u00e9 inspir\u00e9s par une s\u00e9rie de principes \u00e9thiques sur lesquels nous basons notre quotidien, nos projets et nos relations professionnelles. Nous les avons rassembl\u00e9s dans notre Manifeste, qui confirme qui nous sommes et comment nous percevons notre travail.\" \/>\n<meta property=\"og:url\" content=\"https:\/\/sartori-ambiente.com\/fr\/manifeste\/\" \/>\n<meta property=\"og:site_name\" content=\"Sartori Ambiente\" \/>\n<meta property=\"article:modified_time\" content=\"2024-07-02T10:09:42+00:00\" \/>\n<meta name=\"twitter:card\" content=\"summary_large_image\" \/>\n<meta name=\"twitter:label1\" content=\"Dur\u00e9e de lecture estim\u00e9e\" \/>\n\t<meta name=\"twitter:data1\" content=\"1 minute\" \/>\n<script type=\"application\/ld+json\" class=\"yoast-schema-graph\">{\"@context\":\"https:\\\/\\\/schema.org\",\"@graph\":[{\"@type\":\"WebPage\",\"@id\":\"https:\\\/\\\/sartori-ambiente.com\\\/fr\\\/manifeste\\\/\",\"url\":\"https:\\\/\\\/sartori-ambiente.com\\\/fr\\\/manifeste\\\/\",\"name\":\"Manifeste | Sartori Ambiente\",\"isPartOf\":{\"@id\":\"https:\\\/\\\/sartori-ambiente.com\\\/fr\\\/#website\"},\"datePublished\":\"2024-05-10T08:58:21+00:00\",\"dateModified\":\"2024-07-02T10:09:42+00:00\",\"inLanguage\":\"fr-FR\",\"potentialAction\":[{\"@type\":\"ReadAction\",\"target\":[\"https:\\\/\\\/sartori-ambiente.com\\\/fr\\\/manifeste\\\/\"]}]},{\"@type\":\"WebSite\",\"@id\":\"https:\\\/\\\/sartori-ambiente.com\\\/fr\\\/#website\",\"url\":\"https:\\\/\\\/sartori-ambiente.com\\\/fr\\\/\",\"name\":\"Sartori Ambiente\",\"description\":\"\",\"publisher\":{\"@id\":\"https:\\\/\\\/sartori-ambiente.com\\\/fr\\\/#organization\"},\"potentialAction\":[{\"@type\":\"SearchAction\",\"target\":{\"@type\":\"EntryPoint\",\"urlTemplate\":\"https:\\\/\\\/sartori-ambiente.com\\\/fr\\\/?s={search_term_string}\"},\"query-input\":{\"@type\":\"PropertyValueSpecification\",\"valueRequired\":true,\"valueName\":\"search_term_string\"}}],\"inLanguage\":\"fr-FR\"},{\"@type\":\"Organization\",\"@id\":\"https:\\\/\\\/sartori-ambiente.com\\\/fr\\\/#organization\",\"name\":\"Sartori Ambiente\",\"url\":\"https:\\\/\\\/sartori-ambiente.com\\\/fr\\\/\",\"logo\":{\"@type\":\"ImageObject\",\"inLanguage\":\"fr-FR\",\"@id\":\"https:\\\/\\\/sartori-ambiente.com\\\/fr\\\/#\\\/schema\\\/logo\\\/image\\\/\",\"url\":\"https:\\\/\\\/sartori-ambiente.com\\\/wp-content\\\/uploads\\\/2021\\\/09\\\/Sartori_Ambiente_logo.svg\",\"contentUrl\":\"https:\\\/\\\/sartori-ambiente.com\\\/wp-content\\\/uploads\\\/2021\\\/09\\\/Sartori_Ambiente_logo.svg\",\"width\":1,\"height\":1,\"caption\":\"Sartori Ambiente\"},\"image\":{\"@id\":\"https:\\\/\\\/sartori-ambiente.com\\\/fr\\\/#\\\/schema\\\/logo\\\/image\\\/\"}}]}<\/script>\n<!-- \/ Yoast SEO plugin. -->","yoast_head_json":{"title":"Manifeste | Sartori Ambiente","robots":{"index":"index","follow":"follow","max-snippet":"max-snippet:-1","max-image-preview":"max-image-preview:large","max-video-preview":"max-video-preview:-1"},"canonical":"https:\/\/sartori-ambiente.com\/fr\/manifeste\/","og_locale":"fr_FR","og_type":"article","og_title":"Manifeste | Sartori Ambiente","og_description":"Nous avons une histoire bas\u00e9e sur des valeurs, des choix et des actions coh\u00e9rentes. Nous avons toujours \u00e9t\u00e9 inspir\u00e9s par une s\u00e9rie de principes \u00e9thiques sur lesquels nous basons notre quotidien, nos projets et nos relations professionnelles. Nous les avons rassembl\u00e9s dans notre Manifeste, qui confirme qui nous sommes et comment nous percevons notre travail.","og_url":"https:\/\/sartori-ambiente.com\/fr\/manifeste\/","og_site_name":"Sartori Ambiente","article_modified_time":"2024-07-02T10:09:42+00:00","twitter_card":"summary_large_image","twitter_misc":{"Dur\u00e9e de lecture estim\u00e9e":"1 minute"},"schema":{"@context":"https:\/\/schema.org","@graph":[{"@type":"WebPage","@id":"https:\/\/sartori-ambiente.com\/fr\/manifeste\/","url":"https:\/\/sartori-ambiente.com\/fr\/manifeste\/","name":"Manifeste | Sartori Ambiente","isPartOf":{"@id":"https:\/\/sartori-ambiente.com\/fr\/#website"},"datePublished":"2024-05-10T08:58:21+00:00","dateModified":"2024-07-02T10:09:42+00:00","inLanguage":"fr-FR","potentialAction":[{"@type":"ReadAction","target":["https:\/\/sartori-ambiente.com\/fr\/manifeste\/"]}]},{"@type":"WebSite","@id":"https:\/\/sartori-ambiente.com\/fr\/#website","url":"https:\/\/sartori-ambiente.com\/fr\/","name":"Sartori Ambiente","description":"","publisher":{"@id":"https:\/\/sartori-ambiente.com\/fr\/#organization"},"potentialAction":[{"@type":"SearchAction","target":{"@type":"EntryPoint","urlTemplate":"https:\/\/sartori-ambiente.com\/fr\/?s={search_term_string}"},"query-input":{"@type":"PropertyValueSpecification","valueRequired":true,"valueName":"search_term_string"}}],"inLanguage":"fr-FR"},{"@type":"Organization","@id":"https:\/\/sartori-ambiente.com\/fr\/#organization","name":"Sartori Ambiente","url":"https:\/\/sartori-ambiente.com\/fr\/","logo":{"@type":"ImageObject","inLanguage":"fr-FR","@id":"https:\/\/sartori-ambiente.com\/fr\/#\/schema\/logo\/image\/","url":"https:\/\/sartori-ambiente.com\/wp-content\/uploads\/2021\/09\/Sartori_Ambiente_logo.svg","contentUrl":"https:\/\/sartori-ambiente.com\/wp-content\/uploads\/2021\/09\/Sartori_Ambiente_logo.svg","width":1,"height":1,"caption":"Sartori Ambiente"},"image":{"@id":"https:\/\/sartori-ambiente.com\/fr\/#\/schema\/logo\/image\/"}}]}},"_links":{"self":[{"href":"https:\/\/sartori-ambiente.com\/fr\/wp-json\/wp\/v2\/pages\/8447","targetHints":{"allow":["GET"]}}],"collection":[{"href":"https:\/\/sartori-ambiente.com\/fr\/wp-json\/wp\/v2\/pages"}],"about":[{"href":"https:\/\/sartori-ambiente.com\/fr\/wp-json\/wp\/v2\/types\/page"}],"author":[{"embeddable":true,"href":"https:\/\/sartori-ambiente.com\/fr\/wp-json\/wp\/v2\/users\/1"}],"replies":[{"embeddable":true,"href":"https:\/\/sartori-ambiente.com\/fr\/wp-json\/wp\/v2\/comments?post=8447"}],"version-history":[{"count":0,"href":"https:\/\/sartori-ambiente.com\/fr\/wp-json\/wp\/v2\/pages\/8447\/revisions"}],"wp:attachment":[{"href":"https:\/\/sartori-ambiente.com\/fr\/wp-json\/wp\/v2\/media?parent=8447"}],"curies":[{"name":"wp","href":"https:\/\/api.w.org\/{rel}","templated":true}]}}